{"id":2732,"date":"2019-01-09T02:24:28","date_gmt":"2019-01-09T01:24:28","guid":{"rendered":"http:\/\/segwaypalma.com\/?page_id=2732"},"modified":"2019-04-22T18:26:36","modified_gmt":"2019-04-22T16:26:36","slug":"rutas-en-kickscooter","status":"publish","type":"page","link":"https:\/\/segwaypalma.com\/en\/rutas-en-kickscooter\/","title":{"rendered":"KickScooter TOURS"},"content":{"rendered":"<div id=\"pl-2681\" class=\"panel-layout\">\n<div id=\"pg-2681-0\" class=\"panel-grid panel-no-style\" data-style=\"{&quot;background_display&quot;:&quot;tile&quot;,&quot;cell_alignment&quot;:&quot;flex-start&quot;}\">\n<div id=\"pgc-2681-0-0\" class=\"panel-grid-cell panel-grid-cell-empty\" data-weight=\"1\"><\/div>\n<\/div>\n<div id=\"pg-2681-1\" class=\"panel-grid panel-no-style\" data-style=\"{&quot;background_display&quot;:&quot;tile&quot;,&quot;cell_alignment&quot;:&quot;flex-start&quot;}\" data-ratio=\"1\" data-ratio-direction=\"right\">\n<div id=\"pgc-2681-1-0\" class=\"panel-grid-cell\" data-weight=\"0.5\">\n<div id=\"panel-2681-1-0-0\" class=\"so-panel widget widget_sow-editor panel-first-child panel-last-child\" data-index=\"0\" data-style=\"{&quot;background_image_attachment&quot;:false,&quot;background_display&quot;:&quot;tile&quot;}\">\n<div class=\"so-widget-sow-editor so-widget-sow-editor-base\">\n<h3 class=\"widget-title\">1h TOUR<\/h3>\n<div class=\"siteorigin-widget-tinymce textwidget\">\n<p><span style=\"color: #000000;\">RUTA PASEO MAR\u00cdTIMO<\/span><\/p>\n<figure id=\"attachment_2617\" aria-describedby=\"caption-attachment-2617\" style=\"width: 924px\" class=\"wp-caption alignnone\"><img data-recalc-dims=\"1\" loading=\"lazy\" decoding=\"async\" class=\"wp-image-2617\" src=\"https:\/\/i0.wp.com\/segwaypalma.com\/wps\/wp-content\/uploads\/2018\/03\/ninebot-1024x619-1024x619.jpg?resize=924%2C558\" alt=\"Ver Palma sobre ruedas\" width=\"924\" height=\"558\" srcset=\"https:\/\/i0.wp.com\/segwaypalma.com\/wps\/wp-content\/uploads\/2018\/03\/ninebot-1024x619.jpg?resize=1024%2C619&amp;ssl=1 1024w, https:\/\/i0.wp.com\/segwaypalma.com\/wps\/wp-content\/uploads\/2018\/03\/ninebot-1024x619.jpg?resize=300%2C181&amp;ssl=1 300w, https:\/\/i0.wp.com\/segwaypalma.com\/wps\/wp-content\/uploads\/2018\/03\/ninebot-1024x619.jpg?resize=768%2C464&amp;ssl=1 768w, https:\/\/i0.wp.com\/segwaypalma.com\/wps\/wp-content\/uploads\/2018\/03\/ninebot-1024x619.jpg?resize=555%2C335&amp;ssl=1 555w\" sizes=\"auto, (max-width: 924px) 100vw, 924px\" \/><figcaption id=\"caption-attachment-2617\" class=\"wp-caption-text\">Excursions for a\u00a0 groups by kickscooters<\/figcaption><\/figure>\n<p><strong>DURATION: 1h\u00a0 \u00a0 \u00a0 \u00a0PRICE: 35\u20ac<\/strong><\/p>\n<p>Tour around\u00a0 Maritim,\u00a0 seeing Palma Bay, Club Nautic, Mooring\u00a0 \u00a0and\u00a0 Club de Mar<\/p>\n<\/div>\n<\/div>\n<\/div>\n<\/div>\n<div id=\"pgc-2681-1-1\" class=\"panel-grid-cell\" data-weight=\"0.5\">\n<div id=\"panel-2681-1-1-0\" class=\"so-panel widget widget_sow-editor panel-first-child panel-last-child\" data-index=\"1\" data-style=\"{&quot;background_image_attachment&quot;:false,&quot;background_display&quot;:&quot;tile&quot;}\">\n<div class=\"so-widget-sow-editor so-widget-sow-editor-base\">\n<h3><\/h3>\n<h3 class=\"widget-title\">2h TOUR PORTITXOL TOUR<\/h3>\n<div class=\"siteorigin-widget-tinymce textwidget\">\n<figure id=\"attachment_2616\" aria-describedby=\"caption-attachment-2616\" style=\"width: 544px\" class=\"wp-caption alignnone\"><img data-recalc-dims=\"1\" loading=\"lazy\" decoding=\"async\" class=\"wp-image-2616\" title=\"Rutas en patinete Palma\" src=\"https:\/\/i0.wp.com\/segwaypalma.com\/wps\/wp-content\/uploads\/2018\/03\/NINEBOT-S4-799x1024.png?resize=544%2C698\" alt=\"Ninebot doble bater\u00eda\" width=\"544\" height=\"698\" srcset=\"https:\/\/i0.wp.com\/segwaypalma.com\/wps\/wp-content\/uploads\/2018\/03\/NINEBOT-S4.png?resize=799%2C1024&amp;ssl=1 799w, https:\/\/i0.wp.com\/segwaypalma.com\/wps\/wp-content\/uploads\/2018\/03\/NINEBOT-S4.png?resize=234%2C300&amp;ssl=1 234w, https:\/\/i0.wp.com\/segwaypalma.com\/wps\/wp-content\/uploads\/2018\/03\/NINEBOT-S4.png?resize=768%2C984&amp;ssl=1 768w, https:\/\/i0.wp.com\/segwaypalma.com\/wps\/wp-content\/uploads\/2018\/03\/NINEBOT-S4.png?resize=433%2C555&amp;ssl=1 433w, https:\/\/i0.wp.com\/segwaypalma.com\/wps\/wp-content\/uploads\/2018\/03\/NINEBOT-S4.png?w=1175&amp;ssl=1 1175w\" sizes=\"auto, (max-width: 544px) 100vw, 544px\" \/><figcaption id=\"caption-attachment-2616\" class=\"wp-caption-text\">KickScooter Ninebot by Segway en Palma<\/figcaption><\/figure>\n<p><strong>DURATION: 2h\u00a0 \u00a0 PRICE: 60\u20ac<\/strong><\/p>\n<p style=\"text-align: center;\">Ruta que recorre la Bah\u00eda de Palma, inici\u00e1ndose en Palma y recorriendo el Portitxol, S\u00b4Areneta y Ciudad Jard\u00edn, disfrutando de la primera l\u00ednea de mar en el puerto de pescadores m\u00e1s bonito de la isa, donde se encuentran los Club na\u00faticos m\u00e1s antiguos de la isla, C.N.\u00a0 Portitxol y C.N. Molinar para posteriormente recorrer el Paseo Mar\u00edtimo, Club Na\u00fatico, Muelle de golondrinas y Club del Mar<\/p>\n<\/div>\n<\/div>\n<\/div>\n<\/div>\n<\/div>\n<\/div>\n","protected":false},"excerpt":{"rendered":"<p>1h TOUR RUTA PASEO MAR\u00cdTIMO DURATION: 1h\u00a0 \u00a0 \u00a0 \u00a0PRICE: 35\u20ac Tour around\u00a0 Maritim,\u00a0 seeing Palma Bay, Club Nautic, Mooring\u00a0 \u00a0and\u00a0 Club de Mar 2h TOUR PORTITXOL TOUR DURATION: 2h\u00a0 \u00a0 PRICE: 60\u20ac Ruta que recorre la Bah\u00eda de Palma, inici\u00e1ndose en Palma y recorriendo el Portitxol, S\u00b4Areneta y Ciudad Jard\u00edn, disfrutando de la primera &hellip;<\/p>\n","protected":false},"author":1,"featured_media":0,"parent":0,"menu_order":0,"comment_status":"closed","ping_status":"closed","template":"template-builder-page.php","meta":{"jetpack_post_was_ever_published":false,"footnotes":""},"class_list":["post-2732","page","type-page","status-publish","hentry"],"yoast_head":"<!-- This site is optimized with the Yoast SEO plugin v27.3 - https:\/\/yoast.com\/product\/yoast-seo-wordpress\/ -->\n<title>KickScooter TOURS - Segway Palma<\/title>\n<meta name=\"robots\" content=\"index, follow, max-snippet:-1, max-image-preview:large, max-video-preview:-1\" \/>\n<link rel=\"canonical\" href=\"https:\/\/segwaypalma.com\/en\/rutas-en-kickscooter\/\" \/>\n<meta property=\"og:locale\" content=\"en_US\" \/>\n<meta property=\"og:type\" content=\"article\" \/>\n<meta property=\"og:title\" content=\"KickScooter TOURS - Segway Palma\" \/>\n<meta property=\"og:description\" content=\"1h TOUR RUTA PASEO MAR\u00cdTIMO DURATION: 1h\u00a0 \u00a0 \u00a0 \u00a0PRICE: 35\u20ac Tour around\u00a0 Maritim,\u00a0 seeing Palma Bay, Club Nautic, Mooring\u00a0 \u00a0and\u00a0 Club de Mar 2h TOUR PORTITXOL TOUR DURATION: 2h\u00a0 \u00a0 PRICE: 60\u20ac Ruta que recorre la Bah\u00eda de Palma, inici\u00e1ndose en Palma y recorriendo el Portitxol, S\u00b4Areneta y Ciudad Jard\u00edn, disfrutando de la primera &hellip;\" \/>\n<meta property=\"og:url\" content=\"https:\/\/segwaypalma.com\/en\/rutas-en-kickscooter\/\" \/>\n<meta property=\"og:site_name\" content=\"Segway Palma\" \/>\n<meta property=\"article:modified_time\" content=\"2019-04-22T16:26:36+00:00\" \/>\n<meta property=\"og:image\" content=\"http:\/\/segwaypalma.com\/wps\/wp-content\/uploads\/2018\/03\/ninebot-1024x619-1024x619.jpg\" \/>\n<meta name=\"twitter:card\" content=\"summary_large_image\" \/>\n<meta name=\"twitter:label1\" content=\"Est. reading time\" \/>\n\t<meta name=\"twitter:data1\" content=\"1 minute\" \/>\n<script type=\"application\/ld+json\" class=\"yoast-schema-graph\">{\"@context\":\"https:\\\/\\\/schema.org\",\"@graph\":[{\"@type\":\"WebPage\",\"@id\":\"https:\\\/\\\/segwaypalma.com\\\/en\\\/rutas-en-kickscooter\\\/\",\"url\":\"https:\\\/\\\/segwaypalma.com\\\/en\\\/rutas-en-kickscooter\\\/\",\"name\":\"KickScooter TOURS - Segway Palma\",\"isPartOf\":{\"@id\":\"https:\\\/\\\/segwaypalma.com\\\/#website\"},\"primaryImageOfPage\":{\"@id\":\"https:\\\/\\\/segwaypalma.com\\\/en\\\/rutas-en-kickscooter\\\/#primaryimage\"},\"image\":{\"@id\":\"https:\\\/\\\/segwaypalma.com\\\/en\\\/rutas-en-kickscooter\\\/#primaryimage\"},\"thumbnailUrl\":\"http:\\\/\\\/segwaypalma.com\\\/wps\\\/wp-content\\\/uploads\\\/2018\\\/03\\\/ninebot-1024x619-1024x619.jpg\",\"datePublished\":\"2019-01-09T01:24:28+00:00\",\"dateModified\":\"2019-04-22T16:26:36+00:00\",\"breadcrumb\":{\"@id\":\"https:\\\/\\\/segwaypalma.com\\\/en\\\/rutas-en-kickscooter\\\/#breadcrumb\"},\"inLanguage\":\"en\",\"potentialAction\":[{\"@type\":\"ReadAction\",\"target\":[\"https:\\\/\\\/segwaypalma.com\\\/en\\\/rutas-en-kickscooter\\\/\"]}]},{\"@type\":\"ImageObject\",\"inLanguage\":\"en\",\"@id\":\"https:\\\/\\\/segwaypalma.com\\\/en\\\/rutas-en-kickscooter\\\/#primaryimage\",\"url\":\"http:\\\/\\\/segwaypalma.com\\\/wps\\\/wp-content\\\/uploads\\\/2018\\\/03\\\/ninebot-1024x619-1024x619.jpg\",\"contentUrl\":\"http:\\\/\\\/segwaypalma.com\\\/wps\\\/wp-content\\\/uploads\\\/2018\\\/03\\\/ninebot-1024x619-1024x619.jpg\"},{\"@type\":\"BreadcrumbList\",\"@id\":\"https:\\\/\\\/segwaypalma.com\\\/en\\\/rutas-en-kickscooter\\\/#breadcrumb\",\"itemListElement\":[{\"@type\":\"ListItem\",\"position\":1,\"name\":\"Portada\",\"item\":\"https:\\\/\\\/segwaypalma.com\\\/en\\\/front-page\\\/\"},{\"@type\":\"ListItem\",\"position\":2,\"name\":\"KickScooter TOURS\"}]},{\"@type\":\"WebSite\",\"@id\":\"https:\\\/\\\/segwaypalma.com\\\/#website\",\"url\":\"https:\\\/\\\/segwaypalma.com\\\/\",\"name\":\"Segway Palma\",\"description\":\"Segway Tours with guide in Palma de Mallorca\",\"publisher\":{\"@id\":\"https:\\\/\\\/segwaypalma.com\\\/#organization\"},\"potentialAction\":[{\"@type\":\"SearchAction\",\"target\":{\"@type\":\"EntryPoint\",\"urlTemplate\":\"https:\\\/\\\/segwaypalma.com\\\/?s={search_term_string}\"},\"query-input\":{\"@type\":\"PropertyValueSpecification\",\"valueRequired\":true,\"valueName\":\"search_term_string\"}}],\"inLanguage\":\"en\"},{\"@type\":\"Organization\",\"@id\":\"https:\\\/\\\/segwaypalma.com\\\/#organization\",\"name\":\"Segway Palma\",\"url\":\"https:\\\/\\\/segwaypalma.com\\\/\",\"logo\":{\"@type\":\"ImageObject\",\"inLanguage\":\"en\",\"@id\":\"https:\\\/\\\/segwaypalma.com\\\/#\\\/schema\\\/logo\\\/image\\\/\",\"url\":\"https:\\\/\\\/i0.wp.com\\\/segwaypalma.com\\\/wps\\\/wp-content\\\/uploads\\\/2015\\\/07\\\/segway-palma-2x.jpg?fit=447%2C224&ssl=1\",\"contentUrl\":\"https:\\\/\\\/i0.wp.com\\\/segwaypalma.com\\\/wps\\\/wp-content\\\/uploads\\\/2015\\\/07\\\/segway-palma-2x.jpg?fit=447%2C224&ssl=1\",\"width\":447,\"height\":224,\"caption\":\"Segway Palma\"},\"image\":{\"@id\":\"https:\\\/\\\/segwaypalma.com\\\/#\\\/schema\\\/logo\\\/image\\\/\"}}]}<\/script>\n<!-- \/ Yoast SEO plugin. -->","yoast_head_json":{"title":"KickScooter TOURS - Segway Palma","robots":{"index":"index","follow":"follow","max-snippet":"max-snippet:-1","max-image-preview":"max-image-preview:large","max-video-preview":"max-video-preview:-1"},"canonical":"https:\/\/segwaypalma.com\/en\/rutas-en-kickscooter\/","og_locale":"en_US","og_type":"article","og_title":"KickScooter TOURS - Segway Palma","og_description":"1h TOUR RUTA PASEO MAR\u00cdTIMO DURATION: 1h\u00a0 \u00a0 \u00a0 \u00a0PRICE: 35\u20ac Tour around\u00a0 Maritim,\u00a0 seeing Palma Bay, Club Nautic, Mooring\u00a0 \u00a0and\u00a0 Club de Mar 2h TOUR PORTITXOL TOUR DURATION: 2h\u00a0 \u00a0 PRICE: 60\u20ac Ruta que recorre la Bah\u00eda de Palma, inici\u00e1ndose en Palma y recorriendo el Portitxol, S\u00b4Areneta y Ciudad Jard\u00edn, disfrutando de la primera &hellip;","og_url":"https:\/\/segwaypalma.com\/en\/rutas-en-kickscooter\/","og_site_name":"Segway Palma","article_modified_time":"2019-04-22T16:26:36+00:00","og_image":[{"url":"http:\/\/segwaypalma.com\/wps\/wp-content\/uploads\/2018\/03\/ninebot-1024x619-1024x619.jpg","type":"","width":"","height":""}],"twitter_card":"summary_large_image","twitter_misc":{"Est. reading time":"1 minute"},"schema":{"@context":"https:\/\/schema.org","@graph":[{"@type":"WebPage","@id":"https:\/\/segwaypalma.com\/en\/rutas-en-kickscooter\/","url":"https:\/\/segwaypalma.com\/en\/rutas-en-kickscooter\/","name":"KickScooter TOURS - Segway Palma","isPartOf":{"@id":"https:\/\/segwaypalma.com\/#website"},"primaryImageOfPage":{"@id":"https:\/\/segwaypalma.com\/en\/rutas-en-kickscooter\/#primaryimage"},"image":{"@id":"https:\/\/segwaypalma.com\/en\/rutas-en-kickscooter\/#primaryimage"},"thumbnailUrl":"http:\/\/segwaypalma.com\/wps\/wp-content\/uploads\/2018\/03\/ninebot-1024x619-1024x619.jpg","datePublished":"2019-01-09T01:24:28+00:00","dateModified":"2019-04-22T16:26:36+00:00","breadcrumb":{"@id":"https:\/\/segwaypalma.com\/en\/rutas-en-kickscooter\/#breadcrumb"},"inLanguage":"en","potentialAction":[{"@type":"ReadAction","target":["https:\/\/segwaypalma.com\/en\/rutas-en-kickscooter\/"]}]},{"@type":"ImageObject","inLanguage":"en","@id":"https:\/\/segwaypalma.com\/en\/rutas-en-kickscooter\/#primaryimage","url":"http:\/\/segwaypalma.com\/wps\/wp-content\/uploads\/2018\/03\/ninebot-1024x619-1024x619.jpg","contentUrl":"http:\/\/segwaypalma.com\/wps\/wp-content\/uploads\/2018\/03\/ninebot-1024x619-1024x619.jpg"},{"@type":"BreadcrumbList","@id":"https:\/\/segwaypalma.com\/en\/rutas-en-kickscooter\/#breadcrumb","itemListElement":[{"@type":"ListItem","position":1,"name":"Portada","item":"https:\/\/segwaypalma.com\/en\/front-page\/"},{"@type":"ListItem","position":2,"name":"KickScooter TOURS"}]},{"@type":"WebSite","@id":"https:\/\/segwaypalma.com\/#website","url":"https:\/\/segwaypalma.com\/","name":"Segway Palma","description":"Segway Tours with guide in Palma de Mallorca","publisher":{"@id":"https:\/\/segwaypalma.com\/#organization"},"potentialAction":[{"@type":"SearchAction","target":{"@type":"EntryPoint","urlTemplate":"https:\/\/segwaypalma.com\/?s={search_term_string}"},"query-input":{"@type":"PropertyValueSpecification","valueRequired":true,"valueName":"search_term_string"}}],"inLanguage":"en"},{"@type":"Organization","@id":"https:\/\/segwaypalma.com\/#organization","name":"Segway Palma","url":"https:\/\/segwaypalma.com\/","logo":{"@type":"ImageObject","inLanguage":"en","@id":"https:\/\/segwaypalma.com\/#\/schema\/logo\/image\/","url":"https:\/\/i0.wp.com\/segwaypalma.com\/wps\/wp-content\/uploads\/2015\/07\/segway-palma-2x.jpg?fit=447%2C224&ssl=1","contentUrl":"https:\/\/i0.wp.com\/segwaypalma.com\/wps\/wp-content\/uploads\/2015\/07\/segway-palma-2x.jpg?fit=447%2C224&ssl=1","width":447,"height":224,"caption":"Segway Palma"},"image":{"@id":"https:\/\/segwaypalma.com\/#\/schema\/logo\/image\/"}}]}},"jetpack_sharing_enabled":true,"jetpack_shortlink":"https:\/\/wp.me\/P7aBAr-I4","_links":{"self":[{"href":"https:\/\/segwaypalma.com\/en\/wp-json\/wp\/v2\/pages\/2732","targetHints":{"allow":["GET"]}}],"collection":[{"href":"https:\/\/segwaypalma.com\/en\/wp-json\/wp\/v2\/pages"}],"about":[{"href":"https:\/\/segwaypalma.com\/en\/wp-json\/wp\/v2\/types\/page"}],"author":[{"embeddable":true,"href":"https:\/\/segwaypalma.com\/en\/wp-json\/wp\/v2\/users\/1"}],"replies":[{"embeddable":true,"href":"https:\/\/segwaypalma.com\/en\/wp-json\/wp\/v2\/comments?post=2732"}],"version-history":[{"count":0,"href":"https:\/\/segwaypalma.com\/en\/wp-json\/wp\/v2\/pages\/2732\/revisions"}],"wp:attachment":[{"href":"https:\/\/segwaypalma.com\/en\/wp-json\/wp\/v2\/media?parent=2732"}],"curies":[{"name":"wp","href":"https:\/\/api.w.org\/{rel}","templated":true}]}}