{"id":2515,"date":"2016-03-20T12:06:47","date_gmt":"2016-03-20T11:06:47","guid":{"rendered":"http:\/\/segwaypalma.com\/de\/?page_id=2515"},"modified":"2016-03-20T14:00:36","modified_gmt":"2016-03-20T13:00:36","slug":"strand-buchungen","status":"publish","type":"page","link":"https:\/\/segwaypalma.com\/de\/strand-buchungen\/","title":{"rendered":"Palma Strand Buchungen"},"content":{"rendered":"<div id=\"pl-2515\"  class=\"panel-layout\" ><div id=\"pg-2515-0\"  class=\"panel-grid panel-no-style\" ><div id=\"pgc-2515-0-0\"  class=\"panel-grid-cell\" ><div id=\"panel-2515-0-0-0\" class=\"so-panel widget widget_text panel-first-child\" data-index=\"0\" ><h3 class=\"widget-title\">Reservierung der Touren in Playa de Palma<\/h3>\t\t\t<div class=\"textwidget\"><\/div>\n\t\t<\/div><div id=\"panel-2515-0-0-1\" class=\"so-panel widget widget_sow-image\" data-index=\"1\" ><div\n\t\t\t\n\t\t\tclass=\"so-widget-sow-image so-widget-sow-image-default-8b5b6f678277-2515\"\n\t\t\t\n\t\t>\n<div class=\"sow-image-container\">\n\t\t<img \n\tsrc=\"https:\/\/i0.wp.com\/segwaypalma.com\/wps\/wp-content\/uploads\/2016\/02\/DSC1578.jpg?fit=1920%2C580&amp;ssl=1\" width=\"1920\" height=\"580\" srcset=\"https:\/\/i0.wp.com\/segwaypalma.com\/wps\/wp-content\/uploads\/2016\/02\/DSC1578.jpg?w=1920&amp;ssl=1 1920w, https:\/\/i0.wp.com\/segwaypalma.com\/wps\/wp-content\/uploads\/2016\/02\/DSC1578.jpg?resize=300%2C91&amp;ssl=1 300w, https:\/\/i0.wp.com\/segwaypalma.com\/wps\/wp-content\/uploads\/2016\/02\/DSC1578.jpg?resize=768%2C232&amp;ssl=1 768w, https:\/\/i0.wp.com\/segwaypalma.com\/wps\/wp-content\/uploads\/2016\/02\/DSC1578.jpg?resize=1024%2C309&amp;ssl=1 1024w, https:\/\/i0.wp.com\/segwaypalma.com\/wps\/wp-content\/uploads\/2016\/02\/DSC1578.jpg?resize=960%2C290&amp;ssl=1 960w, https:\/\/i0.wp.com\/segwaypalma.com\/wps\/wp-content\/uploads\/2016\/02\/DSC1578.jpg?resize=480%2C145&amp;ssl=1 480w, https:\/\/i0.wp.com\/segwaypalma.com\/wps\/wp-content\/uploads\/2016\/02\/DSC1578.jpg?resize=555%2C168&amp;ssl=1 555w\" title=\"Reservierung der Touren in Playa de Palma\" alt=\"Reservierung der Touren in Playa de Palma\" \t\tclass=\"so-widget-image\"\/>\n\t<\/div>\n\n<\/div><\/div><div id=\"panel-2515-0-0-2\" class=\"so-panel widget widget_text\" data-index=\"2\" >\t\t\t<div class=\"textwidget\"><div id=\"booking_form\">\n\n<h3>Ausgew\u00e4hlte Tour<\/h3>\n<h4>1 Stunde \u00bb Palma Altstadt Tour<input type=\"hidden\" id=\"selected-tour-id\" value=\"1 Stunde \u00bb Palma Altstadt Tour\"><\/h4>\n\n<br \/>\n\n\n<div class=\"wpcf7 no-js\" id=\"wpcf7-f2517-o1\" lang=\"es-ES\" dir=\"ltr\" data-wpcf7-id=\"2517\">\n<div class=\"screen-reader-response\"><p role=\"status\" aria-live=\"polite\" aria-atomic=\"true\"><\/p> <ul><\/ul><\/div>\n<form action=\"\/de\/wp-json\/wp\/v2\/pages\/2515#wpcf7-f2517-o1\" method=\"post\" class=\"wpcf7-form init\" aria-label=\"Contact form\" novalidate=\"novalidate\" data-status=\"init\">\n<fieldset class=\"hidden-fields-container\"><input type=\"hidden\" name=\"_wpcf7\" value=\"2517\" \/><input type=\"hidden\" name=\"_wpcf7_version\" value=\"6.1.5\" \/><input type=\"hidden\" name=\"_wpcf7_locale\" value=\"es_ES\" \/><input type=\"hidden\" name=\"_wpcf7_unit_tag\" value=\"wpcf7-f2517-o1\" \/><input type=\"hidden\" name=\"_wpcf7_container_post\" value=\"0\" \/><input type=\"hidden\" name=\"_wpcf7_posted_data_hash\" value=\"\" \/><input type=\"hidden\" name=\"_wpcf7_recaptcha_response\" value=\"\" \/>\n<\/fieldset>\n<h3>Tourdetails\n<\/h3>\n<h5>Datum ausw\u00e4hlen\n<\/h5>\n<p><span class=\"wpcf7-form-control-wrap\" data-name=\"date-958\"><input class=\"wpcf7-form-control wpcf7-date wpcf7-validates-as-required wpcf7-validates-as-date\" id=\"date-958\" aria-required=\"true\" aria-invalid=\"false\" value=\"\" type=\"date\" name=\"date-958\" \/><\/span>\n<\/p>\n<h5>Bevorzugte Zeit\n<\/h5>\n<p><span class=\"wpcf7-form-control-wrap\" data-name=\"menu-680\"><select class=\"wpcf7-form-control wpcf7-select wpcf7-validates-as-required\" aria-required=\"true\" aria-invalid=\"false\" name=\"menu-680\"><option value=\"10:00\">10:00<\/option><option value=\"12:00\">12:00<\/option><option value=\"14:00\">14:00<\/option><option value=\"16:00\">16:00<\/option><option value=\"18:00\">18:00<\/option><\/select><\/span>\n<\/p>\n<h5>Personen\n<\/h5>\n<p><span class=\"wpcf7-form-control-wrap\" data-name=\"menu-284\"><select class=\"wpcf7-form-control wpcf7-select wpcf7-validates-as-required\" aria-required=\"true\" aria-invalid=\"false\" name=\"menu-284\"><option value=\"1 person\">1 person<\/option><option value=\"2 persons\">2 persons<\/option><option value=\"3 persons\">3 persons<\/option><option value=\"4 persons\">4 persons<\/option><option value=\"5 persons\">5 persons<\/option><\/select><\/span>\n<\/p>\n<h3 class=\"sep\">Personenbezogenen Daten\n<\/h3>\n<h5>Name und Nachname\n<\/h5>\n<p><span class=\"wpcf7-form-control-wrap\" data-name=\"your-name\"><input size=\"40\" maxlength=\"400\" class=\"wpcf7-form-control wpcf7-text wpcf7-validates-as-required\" aria-required=\"true\" aria-invalid=\"false\" value=\"\" type=\"text\" name=\"your-name\" \/><\/span>\n<\/p>\n<h5>Deine E-Mail\n<\/h5>\n<p><span class=\"wpcf7-form-control-wrap\" data-name=\"your-email\"><input size=\"40\" maxlength=\"400\" class=\"wpcf7-form-control wpcf7-email wpcf7-validates-as-required wpcf7-text wpcf7-validates-as-email\" aria-required=\"true\" aria-invalid=\"false\" value=\"\" type=\"email\" name=\"your-email\" \/><\/span>\n<\/p>\n<h5>Kontakt-Telefon\n<\/h5>\n<p><span class=\"wpcf7-form-control-wrap\" data-name=\"tel-293\"><input size=\"40\" maxlength=\"400\" class=\"wpcf7-form-control wpcf7-tel wpcf7-validates-as-required wpcf7-text wpcf7-validates-as-tel\" aria-required=\"true\" aria-invalid=\"false\" placeholder=\"Bitte f\u00fcgen Sie Ihre internationale Vorwahl\" value=\"\" type=\"tel\" name=\"tel-293\" \/><\/span>\n<\/p>\n\n<!-- CF7 Modules -->\n<div style='display:none;'><input type=\"hidden\" class=\"wpcf7-form-control wpcf7-hidden\" name=\"hidden-tour-id\" placeholder=\"\" value=\"\" \/>\n<\/div>\n<!-- End CF7 Modules -->\n\n<p><span id=\"wpcf7-69df47025bd96-wrapper\" class=\"wpcf7-form-control-wrap honeypot-191-wrap\" style=\"display:none !important; visibility:hidden !important;\"><label for=\"wpcf7-69df47025bd96-field\" class=\"hp-message\">Please leave this field empty.<\/label><input id=\"wpcf7-69df47025bd96-field\"  class=\"wpcf7-form-control wpcf7-text\" type=\"text\" name=\"honeypot-191\" value=\"\" size=\"40\" tabindex=\"-1\" autocomplete=\"new-password\" \/><\/span>\n<\/p>\n<p><input class=\"wpcf7-form-control wpcf7-submit has-spinner\" type=\"submit\" value=\"Jetzt buchen!\" \/>\n<\/p><input type=\"hidden\" id=\"ct_checkjs_cf7_68ce199ec2c5517597ce0a4d89620f55\" name=\"ct_checkjs_cf7\" value=\"0\" \/><script >setTimeout(function(){var ct_input_name = \"ct_checkjs_cf7_68ce199ec2c5517597ce0a4d89620f55\";if (document.getElementById(ct_input_name) !== null) {var ct_input_value = document.getElementById(ct_input_name).value;document.getElementById(ct_input_name).value = document.getElementById(ct_input_name).value.replace(ct_input_value, 'fcced4113048825e8a956047b00f17cda827e210f75297251bca7b26065a61ed');}}, 1000);<\/script><input\n                    class=\"apbct_special_field apbct_email_id__wp_contact_form_7\"\n                    name=\"apbct__email_id__wp_contact_form_7\"\n                    aria-label=\"apbct__label_id__wp_contact_form_7\"\n                    type=\"text\" size=\"30\" maxlength=\"200\" autocomplete=\"off\"\n                    value=\"\"\n                \/><p style=\"display: none !important;\" class=\"akismet-fields-container\" data-prefix=\"_wpcf7_ak_\"><label>&#916;<textarea name=\"_wpcf7_ak_hp_textarea\" cols=\"45\" rows=\"8\" maxlength=\"100\"><\/textarea><\/label><input type=\"hidden\" id=\"ak_js_1\" name=\"_wpcf7_ak_js\" value=\"172\"\/><script>document.getElementById( \"ak_js_1\" ).setAttribute( \"value\", ( new Date() ).getTime() );<\/script><\/p><div class=\"wpcf7-response-output\" aria-hidden=\"true\"><\/div>\n<\/form>\n<\/div>\n\n\n<\/div><\/div>\n\t\t<\/div><div id=\"panel-2515-0-0-3\" class=\"so-panel widget widget_sow-editor\" data-index=\"3\" ><div\n\t\t\t\n\t\t\tclass=\"so-widget-sow-editor so-widget-sow-editor-base\"\n\t\t\t\n\t\t>\n<div class=\"siteorigin-widget-tinymce textwidget\">\n\t<p>* Alle angeforderten Daten sind obligatorisch<\/p>\n<p>* Sie werden eine Best\u00e4tigung Ihrer Reservierung per E-Mail erhalten. Der gew\u00e4hlte Tag\/Uhrzeit kann je nach Verf\u00fcgbarkeit variieren.<\/p>\n<\/div>\n<\/div><\/div><div id=\"panel-2515-0-0-4\" class=\"so-panel widget widget_text panel-last-child\" data-index=\"4\" >\t\t\t<div class=\"textwidget\"><\/div>\n\t\t<\/div><\/div><\/div><\/div>","protected":false},"excerpt":{"rendered":"<p>Ausgew\u00e4hlte Tour * Alle angeforderten Daten sind obligatorisch* Sie werden eine Best\u00e4tigung Ihrer Reservierung per E-Mail erhalten. Der gew\u00e4hlte Tag\/Uhrzeit kann je nach Verf\u00fcgbarkeit variieren.<\/p>\n","protected":false},"author":1,"featured_media":0,"parent":0,"menu_order":0,"comment_status":"closed","ping_status":"closed","template":"","meta":{"jetpack_post_was_ever_published":false,"footnotes":""},"class_list":["post-2515","page","type-page","status-publish","hentry"],"yoast_head":"<!-- This site is optimized with the Yoast SEO plugin v27.4 - https:\/\/yoast.com\/product\/yoast-seo-wordpress\/ -->\n<title>Palma Strand Buchungen - Segway Palma<\/title>\n<meta name=\"robots\" content=\"index, follow, max-snippet:-1, max-image-preview:large, max-video-preview:-1\" \/>\n<link rel=\"canonical\" href=\"https:\/\/segwaypalma.com\/de\/strand-buchungen\/\" \/>\n<meta property=\"og:locale\" content=\"de_DE\" \/>\n<meta property=\"og:type\" content=\"article\" \/>\n<meta property=\"og:title\" content=\"Palma Strand Buchungen - Segway Palma\" \/>\n<meta property=\"og:description\" content=\"Ausgew\u00e4hlte Tour * Alle angeforderten Daten sind obligatorisch* Sie werden eine Best\u00e4tigung Ihrer Reservierung per E-Mail erhalten. Der gew\u00e4hlte Tag\/Uhrzeit kann je nach Verf\u00fcgbarkeit variieren.\" \/>\n<meta property=\"og:url\" content=\"https:\/\/segwaypalma.com\/de\/strand-buchungen\/\" \/>\n<meta property=\"og:site_name\" content=\"Segway Palma\" \/>\n<meta property=\"article:modified_time\" content=\"2016-03-20T13:00:36+00:00\" \/>\n<meta property=\"og:image\" content=\"http:\/\/segwaypalma.com\/wps\/wp-content\/uploads\/2016\/02\/DSC1578.jpg\" \/>\n<meta name=\"twitter:card\" content=\"summary_large_image\" \/>\n<script type=\"application\/ld+json\" class=\"yoast-schema-graph\">{\"@context\":\"https:\\\/\\\/schema.org\",\"@graph\":[{\"@type\":\"WebPage\",\"@id\":\"https:\\\/\\\/segwaypalma.com\\\/de\\\/strand-buchungen\\\/\",\"url\":\"https:\\\/\\\/segwaypalma.com\\\/de\\\/strand-buchungen\\\/\",\"name\":\"Palma Strand Buchungen - Segway Palma\",\"isPartOf\":{\"@id\":\"https:\\\/\\\/segwaypalma.com\\\/#website\"},\"primaryImageOfPage\":{\"@id\":\"https:\\\/\\\/segwaypalma.com\\\/de\\\/strand-buchungen\\\/#primaryimage\"},\"image\":{\"@id\":\"https:\\\/\\\/segwaypalma.com\\\/de\\\/strand-buchungen\\\/#primaryimage\"},\"thumbnailUrl\":\"http:\\\/\\\/segwaypalma.com\\\/wps\\\/wp-content\\\/uploads\\\/2016\\\/02\\\/DSC1578.jpg\",\"datePublished\":\"2016-03-20T11:06:47+00:00\",\"dateModified\":\"2016-03-20T13:00:36+00:00\",\"breadcrumb\":{\"@id\":\"https:\\\/\\\/segwaypalma.com\\\/de\\\/strand-buchungen\\\/#breadcrumb\"},\"inLanguage\":\"de\",\"potentialAction\":[{\"@type\":\"ReadAction\",\"target\":[\"https:\\\/\\\/segwaypalma.com\\\/de\\\/strand-buchungen\\\/\"]}]},{\"@type\":\"ImageObject\",\"inLanguage\":\"de\",\"@id\":\"https:\\\/\\\/segwaypalma.com\\\/de\\\/strand-buchungen\\\/#primaryimage\",\"url\":\"http:\\\/\\\/segwaypalma.com\\\/wps\\\/wp-content\\\/uploads\\\/2016\\\/02\\\/DSC1578.jpg\",\"contentUrl\":\"http:\\\/\\\/segwaypalma.com\\\/wps\\\/wp-content\\\/uploads\\\/2016\\\/02\\\/DSC1578.jpg\"},{\"@type\":\"BreadcrumbList\",\"@id\":\"https:\\\/\\\/segwaypalma.com\\\/de\\\/strand-buchungen\\\/#breadcrumb\",\"itemListElement\":[{\"@type\":\"ListItem\",\"position\":1,\"name\":\"Portada\",\"item\":\"https:\\\/\\\/segwaypalma.com\\\/de\\\/\"},{\"@type\":\"ListItem\",\"position\":2,\"name\":\"Palma Strand Buchungen\"}]},{\"@type\":\"WebSite\",\"@id\":\"https:\\\/\\\/segwaypalma.com\\\/#website\",\"url\":\"https:\\\/\\\/segwaypalma.com\\\/\",\"name\":\"Segway Palma\",\"description\":\"Segway Tours with guide in Palma de Mallorca\",\"publisher\":{\"@id\":\"https:\\\/\\\/segwaypalma.com\\\/#organization\"},\"potentialAction\":[{\"@type\":\"SearchAction\",\"target\":{\"@type\":\"EntryPoint\",\"urlTemplate\":\"https:\\\/\\\/segwaypalma.com\\\/?s={search_term_string}\"},\"query-input\":{\"@type\":\"PropertyValueSpecification\",\"valueRequired\":true,\"valueName\":\"search_term_string\"}}],\"inLanguage\":\"de\"},{\"@type\":\"Organization\",\"@id\":\"https:\\\/\\\/segwaypalma.com\\\/#organization\",\"name\":\"Segway Palma\",\"url\":\"https:\\\/\\\/segwaypalma.com\\\/\",\"logo\":{\"@type\":\"ImageObject\",\"inLanguage\":\"de\",\"@id\":\"https:\\\/\\\/segwaypalma.com\\\/#\\\/schema\\\/logo\\\/image\\\/\",\"url\":\"https:\\\/\\\/i0.wp.com\\\/segwaypalma.com\\\/wps\\\/wp-content\\\/uploads\\\/2015\\\/07\\\/segway-palma-2x.jpg?fit=447%2C224&ssl=1\",\"contentUrl\":\"https:\\\/\\\/i0.wp.com\\\/segwaypalma.com\\\/wps\\\/wp-content\\\/uploads\\\/2015\\\/07\\\/segway-palma-2x.jpg?fit=447%2C224&ssl=1\",\"width\":447,\"height\":224,\"caption\":\"Segway Palma\"},\"image\":{\"@id\":\"https:\\\/\\\/segwaypalma.com\\\/#\\\/schema\\\/logo\\\/image\\\/\"}}]}<\/script>\n<!-- \/ Yoast SEO plugin. -->","yoast_head_json":{"title":"Palma Strand Buchungen - Segway Palma","robots":{"index":"index","follow":"follow","max-snippet":"max-snippet:-1","max-image-preview":"max-image-preview:large","max-video-preview":"max-video-preview:-1"},"canonical":"https:\/\/segwaypalma.com\/de\/strand-buchungen\/","og_locale":"de_DE","og_type":"article","og_title":"Palma Strand Buchungen - Segway Palma","og_description":"Ausgew\u00e4hlte Tour * Alle angeforderten Daten sind obligatorisch* Sie werden eine Best\u00e4tigung Ihrer Reservierung per E-Mail erhalten. Der gew\u00e4hlte Tag\/Uhrzeit kann je nach Verf\u00fcgbarkeit variieren.","og_url":"https:\/\/segwaypalma.com\/de\/strand-buchungen\/","og_site_name":"Segway Palma","article_modified_time":"2016-03-20T13:00:36+00:00","og_image":[{"url":"http:\/\/segwaypalma.com\/wps\/wp-content\/uploads\/2016\/02\/DSC1578.jpg","type":"","width":"","height":""}],"twitter_card":"summary_large_image","schema":{"@context":"https:\/\/schema.org","@graph":[{"@type":"WebPage","@id":"https:\/\/segwaypalma.com\/de\/strand-buchungen\/","url":"https:\/\/segwaypalma.com\/de\/strand-buchungen\/","name":"Palma Strand Buchungen - Segway Palma","isPartOf":{"@id":"https:\/\/segwaypalma.com\/#website"},"primaryImageOfPage":{"@id":"https:\/\/segwaypalma.com\/de\/strand-buchungen\/#primaryimage"},"image":{"@id":"https:\/\/segwaypalma.com\/de\/strand-buchungen\/#primaryimage"},"thumbnailUrl":"http:\/\/segwaypalma.com\/wps\/wp-content\/uploads\/2016\/02\/DSC1578.jpg","datePublished":"2016-03-20T11:06:47+00:00","dateModified":"2016-03-20T13:00:36+00:00","breadcrumb":{"@id":"https:\/\/segwaypalma.com\/de\/strand-buchungen\/#breadcrumb"},"inLanguage":"de","potentialAction":[{"@type":"ReadAction","target":["https:\/\/segwaypalma.com\/de\/strand-buchungen\/"]}]},{"@type":"ImageObject","inLanguage":"de","@id":"https:\/\/segwaypalma.com\/de\/strand-buchungen\/#primaryimage","url":"http:\/\/segwaypalma.com\/wps\/wp-content\/uploads\/2016\/02\/DSC1578.jpg","contentUrl":"http:\/\/segwaypalma.com\/wps\/wp-content\/uploads\/2016\/02\/DSC1578.jpg"},{"@type":"BreadcrumbList","@id":"https:\/\/segwaypalma.com\/de\/strand-buchungen\/#breadcrumb","itemListElement":[{"@type":"ListItem","position":1,"name":"Portada","item":"https:\/\/segwaypalma.com\/de\/"},{"@type":"ListItem","position":2,"name":"Palma Strand Buchungen"}]},{"@type":"WebSite","@id":"https:\/\/segwaypalma.com\/#website","url":"https:\/\/segwaypalma.com\/","name":"Segway Palma","description":"Segway Tours with guide in Palma de Mallorca","publisher":{"@id":"https:\/\/segwaypalma.com\/#organization"},"potentialAction":[{"@type":"SearchAction","target":{"@type":"EntryPoint","urlTemplate":"https:\/\/segwaypalma.com\/?s={search_term_string}"},"query-input":{"@type":"PropertyValueSpecification","valueRequired":true,"valueName":"search_term_string"}}],"inLanguage":"de"},{"@type":"Organization","@id":"https:\/\/segwaypalma.com\/#organization","name":"Segway Palma","url":"https:\/\/segwaypalma.com\/","logo":{"@type":"ImageObject","inLanguage":"de","@id":"https:\/\/segwaypalma.com\/#\/schema\/logo\/image\/","url":"https:\/\/i0.wp.com\/segwaypalma.com\/wps\/wp-content\/uploads\/2015\/07\/segway-palma-2x.jpg?fit=447%2C224&ssl=1","contentUrl":"https:\/\/i0.wp.com\/segwaypalma.com\/wps\/wp-content\/uploads\/2015\/07\/segway-palma-2x.jpg?fit=447%2C224&ssl=1","width":447,"height":224,"caption":"Segway Palma"},"image":{"@id":"https:\/\/segwaypalma.com\/#\/schema\/logo\/image\/"}}]}},"jetpack_sharing_enabled":true,"jetpack_shortlink":"https:\/\/wp.me\/P7aBAr-Ez","_links":{"self":[{"href":"https:\/\/segwaypalma.com\/de\/wp-json\/wp\/v2\/pages\/2515","targetHints":{"allow":["GET"]}}],"collection":[{"href":"https:\/\/segwaypalma.com\/de\/wp-json\/wp\/v2\/pages"}],"about":[{"href":"https:\/\/segwaypalma.com\/de\/wp-json\/wp\/v2\/types\/page"}],"author":[{"embeddable":true,"href":"https:\/\/segwaypalma.com\/de\/wp-json\/wp\/v2\/users\/1"}],"replies":[{"embeddable":true,"href":"https:\/\/segwaypalma.com\/de\/wp-json\/wp\/v2\/comments?post=2515"}],"version-history":[{"count":0,"href":"https:\/\/segwaypalma.com\/de\/wp-json\/wp\/v2\/pages\/2515\/revisions"}],"wp:attachment":[{"href":"https:\/\/segwaypalma.com\/de\/wp-json\/wp\/v2\/media?parent=2515"}],"curies":[{"name":"wp","href":"https:\/\/api.w.org\/{rel}","templated":true}]}}