{"id":2366,"date":"2015-08-14T16:47:42","date_gmt":"2015-08-14T16:47:42","guid":{"rendered":"http:\/\/segwaypalma.com\/wps\/de\/?page_id=2366"},"modified":"2019-01-09T01:52:38","modified_gmt":"2019-01-09T00:52:38","slug":"feiern-sie-ihren-geburtstag","status":"publish","type":"page","link":"https:\/\/segwaypalma.com\/de\/servicios\/feiern-sie-ihren-geburtstag\/","title":{"rendered":"Feiern Sie Ihren Geburtstag"},"content":{"rendered":"<p>Verpassen Sie nicht unseren SPECIAL BIRTHDAY.<br \/>\nSegway-Route durch die Stadt, am Ende der Tour k\u00f6nnen Sie in der Gegend von La Lonja feiern<br \/>\nWir haben ein Geschenk f\u00fcr Sie, pr\u00fcfen Sie die Verf\u00fcgbarkeit.<span style=\"font-family: Casual, sans-serif;\"><a href=\"https:\/\/i0.wp.com\/www.segwaypalma.com\/wp-content\/uploads\/2013\/09\/CUMPLEA%C3%91OS2.jpg\"><img data-recalc-dims=\"1\" loading=\"lazy\" decoding=\"async\" class=\"alignnone size-medium wp-image-2717\" src=\"https:\/\/i0.wp.com\/segwaypalma.com\/wps\/wp-content\/uploads\/2019\/01\/PALMA-ON-WHEELS-300x251.png?resize=300%2C251\" alt=\"\" width=\"300\" height=\"251\" srcset=\"https:\/\/i0.wp.com\/segwaypalma.com\/wps\/wp-content\/uploads\/2019\/01\/PALMA-ON-WHEELS.png?resize=300%2C251&amp;ssl=1 300w, https:\/\/i0.wp.com\/segwaypalma.com\/wps\/wp-content\/uploads\/2019\/01\/PALMA-ON-WHEELS.png?resize=768%2C644&amp;ssl=1 768w, https:\/\/i0.wp.com\/segwaypalma.com\/wps\/wp-content\/uploads\/2019\/01\/PALMA-ON-WHEELS.png?resize=555%2C465&amp;ssl=1 555w, https:\/\/i0.wp.com\/segwaypalma.com\/wps\/wp-content\/uploads\/2019\/01\/PALMA-ON-WHEELS.png?w=940&amp;ssl=1 940w\" sizes=\"auto, (max-width: 300px) 100vw, 300px\" \/><img data-recalc-dims=\"1\" loading=\"lazy\" decoding=\"async\" class=\"aligncenter size-large wp-image-1313\" title=\"CUMPLEA\u00d1OS\" src=\"https:\/\/i0.wp.com\/www.segwaypalma.com\/wp-content\/uploads\/2013\/09\/CUMPLEA%C3%91OS2-1024x723.jpg?resize=640%2C451\" alt=\"\" width=\"640\" height=\"451\" \/><\/a><\/span><\/p>\n","protected":false},"excerpt":{"rendered":"<p>Verpassen Sie nicht unseren SPECIAL BIRTHDAY. Segway-Route durch die Stadt, am Ende der Tour k\u00f6nnen Sie in der Gegend von La Lonja feiern Wir haben ein Geschenk f\u00fcr Sie, pr\u00fcfen Sie die Verf\u00fcgbarkeit.<\/p>\n","protected":false},"author":1,"featured_media":3165,"parent":2322,"menu_order":0,"comment_status":"closed","ping_status":"open","template":"","meta":{"jetpack_post_was_ever_published":false,"footnotes":""},"class_list":["post-2366","page","type-page","status-publish","has-post-thumbnail","hentry"],"yoast_head":"<!-- This site is optimized with the Yoast SEO plugin v27.3 - https:\/\/yoast.com\/product\/yoast-seo-wordpress\/ -->\n<title>Feiern Sie Ihren Geburtstag - Segway Palma<\/title>\n<meta name=\"robots\" content=\"index, follow, max-snippet:-1, max-image-preview:large, max-video-preview:-1\" \/>\n<link rel=\"canonical\" href=\"https:\/\/segwaypalma.com\/de\/servicios\/feiern-sie-ihren-geburtstag\/\" \/>\n<meta property=\"og:locale\" content=\"de_DE\" \/>\n<meta property=\"og:type\" content=\"article\" \/>\n<meta property=\"og:title\" content=\"Feiern Sie Ihren Geburtstag - Segway Palma\" \/>\n<meta property=\"og:description\" content=\"Verpassen Sie nicht unseren SPECIAL BIRTHDAY. Segway-Route durch die Stadt, am Ende der Tour k\u00f6nnen Sie in der Gegend von La Lonja feiern Wir haben ein Geschenk f\u00fcr Sie, pr\u00fcfen Sie die Verf\u00fcgbarkeit.\" \/>\n<meta property=\"og:url\" content=\"https:\/\/segwaypalma.com\/de\/servicios\/feiern-sie-ihren-geburtstag\/\" \/>\n<meta property=\"og:site_name\" content=\"Segway Palma\" \/>\n<meta property=\"article:modified_time\" content=\"2019-01-09T00:52:38+00:00\" \/>\n<meta property=\"og:image\" content=\"http:\/\/segwaypalma.com\/wps\/wp-content\/uploads\/2019\/01\/PALMA-ON-WHEELS-300x251.png\" \/>\n<meta name=\"twitter:card\" content=\"summary_large_image\" \/>\n<script type=\"application\/ld+json\" class=\"yoast-schema-graph\">{\"@context\":\"https:\\\/\\\/schema.org\",\"@graph\":[{\"@type\":\"WebPage\",\"@id\":\"https:\\\/\\\/segwaypalma.com\\\/de\\\/servicios\\\/feiern-sie-ihren-geburtstag\\\/\",\"url\":\"https:\\\/\\\/segwaypalma.com\\\/de\\\/servicios\\\/feiern-sie-ihren-geburtstag\\\/\",\"name\":\"Feiern Sie Ihren Geburtstag - Segway Palma\",\"isPartOf\":{\"@id\":\"https:\\\/\\\/segwaypalma.com\\\/#website\"},\"primaryImageOfPage\":{\"@id\":\"https:\\\/\\\/segwaypalma.com\\\/de\\\/servicios\\\/feiern-sie-ihren-geburtstag\\\/#primaryimage\"},\"image\":{\"@id\":\"https:\\\/\\\/segwaypalma.com\\\/de\\\/servicios\\\/feiern-sie-ihren-geburtstag\\\/#primaryimage\"},\"thumbnailUrl\":\"https:\\\/\\\/i0.wp.com\\\/segwaypalma.com\\\/wps\\\/wp-content\\\/uploads\\\/2015\\\/08\\\/fiesta-cumpleanos-segway-palma.jpg?fit=800%2C600&ssl=1\",\"datePublished\":\"2015-08-14T16:47:42+00:00\",\"dateModified\":\"2019-01-09T00:52:38+00:00\",\"breadcrumb\":{\"@id\":\"https:\\\/\\\/segwaypalma.com\\\/de\\\/servicios\\\/feiern-sie-ihren-geburtstag\\\/#breadcrumb\"},\"inLanguage\":\"de\",\"potentialAction\":[{\"@type\":\"ReadAction\",\"target\":[\"https:\\\/\\\/segwaypalma.com\\\/de\\\/servicios\\\/feiern-sie-ihren-geburtstag\\\/\"]}]},{\"@type\":\"ImageObject\",\"inLanguage\":\"de\",\"@id\":\"https:\\\/\\\/segwaypalma.com\\\/de\\\/servicios\\\/feiern-sie-ihren-geburtstag\\\/#primaryimage\",\"url\":\"https:\\\/\\\/i0.wp.com\\\/segwaypalma.com\\\/wps\\\/wp-content\\\/uploads\\\/2015\\\/08\\\/fiesta-cumpleanos-segway-palma.jpg?fit=800%2C600&ssl=1\",\"contentUrl\":\"https:\\\/\\\/i0.wp.com\\\/segwaypalma.com\\\/wps\\\/wp-content\\\/uploads\\\/2015\\\/08\\\/fiesta-cumpleanos-segway-palma.jpg?fit=800%2C600&ssl=1\",\"width\":800,\"height\":600},{\"@type\":\"BreadcrumbList\",\"@id\":\"https:\\\/\\\/segwaypalma.com\\\/de\\\/servicios\\\/feiern-sie-ihren-geburtstag\\\/#breadcrumb\",\"itemListElement\":[{\"@type\":\"ListItem\",\"position\":1,\"name\":\"Portada\",\"item\":\"https:\\\/\\\/segwaypalma.com\\\/de\\\/\"},{\"@type\":\"ListItem\",\"position\":2,\"name\":\"Dienstleistungen\",\"item\":\"https:\\\/\\\/segwaypalma.com\\\/de\\\/servicios\\\/\"},{\"@type\":\"ListItem\",\"position\":3,\"name\":\"Feiern Sie Ihren Geburtstag\"}]},{\"@type\":\"WebSite\",\"@id\":\"https:\\\/\\\/segwaypalma.com\\\/#website\",\"url\":\"https:\\\/\\\/segwaypalma.com\\\/\",\"name\":\"Segway Palma\",\"description\":\"Segway Tours with guide in Palma de Mallorca\",\"publisher\":{\"@id\":\"https:\\\/\\\/segwaypalma.com\\\/#organization\"},\"potentialAction\":[{\"@type\":\"SearchAction\",\"target\":{\"@type\":\"EntryPoint\",\"urlTemplate\":\"https:\\\/\\\/segwaypalma.com\\\/?s={search_term_string}\"},\"query-input\":{\"@type\":\"PropertyValueSpecification\",\"valueRequired\":true,\"valueName\":\"search_term_string\"}}],\"inLanguage\":\"de\"},{\"@type\":\"Organization\",\"@id\":\"https:\\\/\\\/segwaypalma.com\\\/#organization\",\"name\":\"Segway Palma\",\"url\":\"https:\\\/\\\/segwaypalma.com\\\/\",\"logo\":{\"@type\":\"ImageObject\",\"inLanguage\":\"de\",\"@id\":\"https:\\\/\\\/segwaypalma.com\\\/#\\\/schema\\\/logo\\\/image\\\/\",\"url\":\"https:\\\/\\\/i0.wp.com\\\/segwaypalma.com\\\/wps\\\/wp-content\\\/uploads\\\/2015\\\/07\\\/segway-palma-2x.jpg?fit=447%2C224&ssl=1\",\"contentUrl\":\"https:\\\/\\\/i0.wp.com\\\/segwaypalma.com\\\/wps\\\/wp-content\\\/uploads\\\/2015\\\/07\\\/segway-palma-2x.jpg?fit=447%2C224&ssl=1\",\"width\":447,\"height\":224,\"caption\":\"Segway Palma\"},\"image\":{\"@id\":\"https:\\\/\\\/segwaypalma.com\\\/#\\\/schema\\\/logo\\\/image\\\/\"}}]}<\/script>\n<!-- \/ Yoast SEO plugin. -->","yoast_head_json":{"title":"Feiern Sie Ihren Geburtstag - Segway Palma","robots":{"index":"index","follow":"follow","max-snippet":"max-snippet:-1","max-image-preview":"max-image-preview:large","max-video-preview":"max-video-preview:-1"},"canonical":"https:\/\/segwaypalma.com\/de\/servicios\/feiern-sie-ihren-geburtstag\/","og_locale":"de_DE","og_type":"article","og_title":"Feiern Sie Ihren Geburtstag - Segway Palma","og_description":"Verpassen Sie nicht unseren SPECIAL BIRTHDAY. Segway-Route durch die Stadt, am Ende der Tour k\u00f6nnen Sie in der Gegend von La Lonja feiern Wir haben ein Geschenk f\u00fcr Sie, pr\u00fcfen Sie die Verf\u00fcgbarkeit.","og_url":"https:\/\/segwaypalma.com\/de\/servicios\/feiern-sie-ihren-geburtstag\/","og_site_name":"Segway Palma","article_modified_time":"2019-01-09T00:52:38+00:00","og_image":[{"url":"http:\/\/segwaypalma.com\/wps\/wp-content\/uploads\/2019\/01\/PALMA-ON-WHEELS-300x251.png","type":"","width":"","height":""}],"twitter_card":"summary_large_image","schema":{"@context":"https:\/\/schema.org","@graph":[{"@type":"WebPage","@id":"https:\/\/segwaypalma.com\/de\/servicios\/feiern-sie-ihren-geburtstag\/","url":"https:\/\/segwaypalma.com\/de\/servicios\/feiern-sie-ihren-geburtstag\/","name":"Feiern Sie Ihren Geburtstag - Segway Palma","isPartOf":{"@id":"https:\/\/segwaypalma.com\/#website"},"primaryImageOfPage":{"@id":"https:\/\/segwaypalma.com\/de\/servicios\/feiern-sie-ihren-geburtstag\/#primaryimage"},"image":{"@id":"https:\/\/segwaypalma.com\/de\/servicios\/feiern-sie-ihren-geburtstag\/#primaryimage"},"thumbnailUrl":"https:\/\/i0.wp.com\/segwaypalma.com\/wps\/wp-content\/uploads\/2015\/08\/fiesta-cumpleanos-segway-palma.jpg?fit=800%2C600&ssl=1","datePublished":"2015-08-14T16:47:42+00:00","dateModified":"2019-01-09T00:52:38+00:00","breadcrumb":{"@id":"https:\/\/segwaypalma.com\/de\/servicios\/feiern-sie-ihren-geburtstag\/#breadcrumb"},"inLanguage":"de","potentialAction":[{"@type":"ReadAction","target":["https:\/\/segwaypalma.com\/de\/servicios\/feiern-sie-ihren-geburtstag\/"]}]},{"@type":"ImageObject","inLanguage":"de","@id":"https:\/\/segwaypalma.com\/de\/servicios\/feiern-sie-ihren-geburtstag\/#primaryimage","url":"https:\/\/i0.wp.com\/segwaypalma.com\/wps\/wp-content\/uploads\/2015\/08\/fiesta-cumpleanos-segway-palma.jpg?fit=800%2C600&ssl=1","contentUrl":"https:\/\/i0.wp.com\/segwaypalma.com\/wps\/wp-content\/uploads\/2015\/08\/fiesta-cumpleanos-segway-palma.jpg?fit=800%2C600&ssl=1","width":800,"height":600},{"@type":"BreadcrumbList","@id":"https:\/\/segwaypalma.com\/de\/servicios\/feiern-sie-ihren-geburtstag\/#breadcrumb","itemListElement":[{"@type":"ListItem","position":1,"name":"Portada","item":"https:\/\/segwaypalma.com\/de\/"},{"@type":"ListItem","position":2,"name":"Dienstleistungen","item":"https:\/\/segwaypalma.com\/de\/servicios\/"},{"@type":"ListItem","position":3,"name":"Feiern Sie Ihren Geburtstag"}]},{"@type":"WebSite","@id":"https:\/\/segwaypalma.com\/#website","url":"https:\/\/segwaypalma.com\/","name":"Segway Palma","description":"Segway Tours with guide in Palma de Mallorca","publisher":{"@id":"https:\/\/segwaypalma.com\/#organization"},"potentialAction":[{"@type":"SearchAction","target":{"@type":"EntryPoint","urlTemplate":"https:\/\/segwaypalma.com\/?s={search_term_string}"},"query-input":{"@type":"PropertyValueSpecification","valueRequired":true,"valueName":"search_term_string"}}],"inLanguage":"de"},{"@type":"Organization","@id":"https:\/\/segwaypalma.com\/#organization","name":"Segway Palma","url":"https:\/\/segwaypalma.com\/","logo":{"@type":"ImageObject","inLanguage":"de","@id":"https:\/\/segwaypalma.com\/#\/schema\/logo\/image\/","url":"https:\/\/i0.wp.com\/segwaypalma.com\/wps\/wp-content\/uploads\/2015\/07\/segway-palma-2x.jpg?fit=447%2C224&ssl=1","contentUrl":"https:\/\/i0.wp.com\/segwaypalma.com\/wps\/wp-content\/uploads\/2015\/07\/segway-palma-2x.jpg?fit=447%2C224&ssl=1","width":447,"height":224,"caption":"Segway Palma"},"image":{"@id":"https:\/\/segwaypalma.com\/#\/schema\/logo\/image\/"}}]}},"jetpack_sharing_enabled":true,"jetpack_shortlink":"https:\/\/wp.me\/P7aBAr-Ca","_links":{"self":[{"href":"https:\/\/segwaypalma.com\/de\/wp-json\/wp\/v2\/pages\/2366","targetHints":{"allow":["GET"]}}],"collection":[{"href":"https:\/\/segwaypalma.com\/de\/wp-json\/wp\/v2\/pages"}],"about":[{"href":"https:\/\/segwaypalma.com\/de\/wp-json\/wp\/v2\/types\/page"}],"author":[{"embeddable":true,"href":"https:\/\/segwaypalma.com\/de\/wp-json\/wp\/v2\/users\/1"}],"replies":[{"embeddable":true,"href":"https:\/\/segwaypalma.com\/de\/wp-json\/wp\/v2\/comments?post=2366"}],"version-history":[{"count":0,"href":"https:\/\/segwaypalma.com\/de\/wp-json\/wp\/v2\/pages\/2366\/revisions"}],"up":[{"embeddable":true,"href":"https:\/\/segwaypalma.com\/de\/wp-json\/wp\/v2\/pages\/2322"}],"wp:featuredmedia":[{"embeddable":true,"href":"https:\/\/segwaypalma.com\/de\/wp-json\/wp\/v2\/media\/3165"}],"wp:attachment":[{"href":"https:\/\/segwaypalma.com\/de\/wp-json\/wp\/v2\/media?parent=2366"}],"curies":[{"name":"wp","href":"https:\/\/api.w.org\/{rel}","templated":true}]}}