{"id":2320,"date":"2015-08-05T11:17:54","date_gmt":"2015-08-05T11:17:54","guid":{"rendered":"http:\/\/segwaypalma.com\/wps\/de\/?page_id=2320"},"modified":"2019-01-09T02:09:43","modified_gmt":"2019-01-09T01:09:43","slug":"segway-gruppen","status":"publish","type":"page","link":"https:\/\/segwaypalma.com\/de\/servicios\/segway-gruppen\/","title":{"rendered":"Segway Gruppen"},"content":{"rendered":"<p>Wir f\u00fchren kombinierte Aktivit\u00e4ten f\u00fcr gro\u00dfe Gruppen durch, sodass die gesamte Gruppe verschiedene Aktivit\u00e4ten ausf\u00fchrt.<br \/>\nWOLLST DU VERLIEREN ??? Wir haben auch Roller, Roller, Fahrr\u00e4der, Elektrofahrr\u00e4der, Paddel-Surfen und Kajaks, um Aktivit\u00e4ten mit gro\u00dfen Gruppen durchzuf\u00fchren. Wir k\u00f6nnen Yincanas, Schatzsuchen, Rundg\u00e4nge, Tapas-Routen und andere Aktivit\u00e4ten organisieren, die Sie m\u00f6chten. Wir arbeiten mit anderen Unternehmen zusammen, die andere Aktivit\u00e4ten aus\u00fcben: Route zwischen Weinbergen-Bodegas Bordoy, Schnellboot, Segeln, Nordic Walking, Quads, Buggies, Motorr\u00e4der, Tauchen, kulturelle Besichtigungen und vieles mehr.<br \/>\n<img data-recalc-dims=\"1\" loading=\"lazy\" decoding=\"async\" class=\"alignnone size-medium wp-image-2722\" src=\"https:\/\/i0.wp.com\/segwaypalma.com\/wps\/wp-content\/uploads\/2019\/01\/segway-playa-de-palma_14472340015-300x208.png?resize=300%2C208\" alt=\"\" width=\"300\" height=\"208\" srcset=\"https:\/\/i0.wp.com\/segwaypalma.com\/wps\/wp-content\/uploads\/2019\/01\/segway-playa-de-palma_14472340015.png?resize=300%2C208&amp;ssl=1 300w, https:\/\/i0.wp.com\/segwaypalma.com\/wps\/wp-content\/uploads\/2019\/01\/segway-playa-de-palma_14472340015.png?resize=555%2C384&amp;ssl=1 555w, https:\/\/i0.wp.com\/segwaypalma.com\/wps\/wp-content\/uploads\/2019\/01\/segway-playa-de-palma_14472340015.png?w=650&amp;ssl=1 650w\" sizes=\"auto, (max-width: 300px) 100vw, 300px\" \/><\/p>\n<p><img data-recalc-dims=\"1\" loading=\"lazy\" decoding=\"async\" class=\"alignnone size-medium wp-image-2678\" src=\"https:\/\/i0.wp.com\/segwaypalma.com\/wps\/wp-content\/uploads\/2018\/03\/RUTAS-BICICLETA-SPORTS-MALLORCA-300x157.png?resize=300%2C157\" alt=\"\" width=\"300\" height=\"157\" srcset=\"https:\/\/i0.wp.com\/segwaypalma.com\/wps\/wp-content\/uploads\/2018\/03\/RUTAS-BICICLETA-SPORTS-MALLORCA.png?resize=300%2C157&amp;ssl=1 300w, https:\/\/i0.wp.com\/segwaypalma.com\/wps\/wp-content\/uploads\/2018\/03\/RUTAS-BICICLETA-SPORTS-MALLORCA.png?resize=768%2C402&amp;ssl=1 768w, https:\/\/i0.wp.com\/segwaypalma.com\/wps\/wp-content\/uploads\/2018\/03\/RUTAS-BICICLETA-SPORTS-MALLORCA.png?resize=1024%2C536&amp;ssl=1 1024w, https:\/\/i0.wp.com\/segwaypalma.com\/wps\/wp-content\/uploads\/2018\/03\/RUTAS-BICICLETA-SPORTS-MALLORCA.png?resize=555%2C290&amp;ssl=1 555w, https:\/\/i0.wp.com\/segwaypalma.com\/wps\/wp-content\/uploads\/2018\/03\/RUTAS-BICICLETA-SPORTS-MALLORCA.png?w=1200&amp;ssl=1 1200w\" sizes=\"auto, (max-width: 300px) 100vw, 300px\" \/><\/p>\n<figure id=\"attachment_2615\" aria-describedby=\"caption-attachment-2615\" style=\"width: 300px\" class=\"wp-caption alignnone\"><img data-recalc-dims=\"1\" loading=\"lazy\" decoding=\"async\" class=\"size-medium wp-image-2615\" src=\"https:\/\/i0.wp.com\/segwaypalma.com\/wps\/wp-content\/uploads\/2018\/03\/NINEBOT-KICK-SCOOTER-300x169.jpg?resize=300%2C169\" alt=\"\" width=\"300\" height=\"169\" srcset=\"https:\/\/i0.wp.com\/segwaypalma.com\/wps\/wp-content\/uploads\/2018\/03\/NINEBOT-KICK-SCOOTER.jpg?resize=300%2C169&amp;ssl=1 300w, https:\/\/i0.wp.com\/segwaypalma.com\/wps\/wp-content\/uploads\/2018\/03\/NINEBOT-KICK-SCOOTER.jpg?resize=768%2C432&amp;ssl=1 768w, https:\/\/i0.wp.com\/segwaypalma.com\/wps\/wp-content\/uploads\/2018\/03\/NINEBOT-KICK-SCOOTER.jpg?resize=1024%2C576&amp;ssl=1 1024w, https:\/\/i0.wp.com\/segwaypalma.com\/wps\/wp-content\/uploads\/2018\/03\/NINEBOT-KICK-SCOOTER.jpg?resize=848%2C480&amp;ssl=1 848w, https:\/\/i0.wp.com\/segwaypalma.com\/wps\/wp-content\/uploads\/2018\/03\/NINEBOT-KICK-SCOOTER.jpg?resize=555%2C312&amp;ssl=1 555w, https:\/\/i0.wp.com\/segwaypalma.com\/wps\/wp-content\/uploads\/2018\/03\/NINEBOT-KICK-SCOOTER.jpg?w=1280&amp;ssl=1 1280w\" sizes=\"auto, (max-width: 300px) 100vw, 300px\" \/><figcaption id=\"caption-attachment-2615\" class=\"wp-caption-text\">Ninebot s4 con 45 km de alcance<\/figcaption><\/figure>\n<p>&nbsp;<\/p>\n","protected":false},"excerpt":{"rendered":"<p>Wir f\u00fchren kombinierte Aktivit\u00e4ten f\u00fcr gro\u00dfe Gruppen durch, sodass die gesamte Gruppe verschiedene Aktivit\u00e4ten ausf\u00fchrt. WOLLST DU VERLIEREN ??? Wir haben auch Roller, Roller, Fahrr\u00e4der, Elektrofahrr\u00e4der, Paddel-Surfen und Kajaks, um Aktivit\u00e4ten mit gro\u00dfen Gruppen durchzuf\u00fchren. Wir k\u00f6nnen Yincanas, Schatzsuchen, Rundg\u00e4nge, Tapas-Routen und andere Aktivit\u00e4ten organisieren, die Sie m\u00f6chten. Wir arbeiten mit anderen Unternehmen zusammen, die &hellip;<\/p>\n","protected":false},"author":1,"featured_media":3135,"parent":2322,"menu_order":3,"comment_status":"closed","ping_status":"open","template":"template-builder-page.php","meta":{"jetpack_post_was_ever_published":false,"footnotes":""},"class_list":["post-2320","page","type-page","status-publish","has-post-thumbnail","hentry"],"yoast_head":"<!-- This site is optimized with the Yoast SEO plugin v27.5 - https:\/\/yoast.com\/product\/yoast-seo-wordpress\/ -->\n<title>Segway Gruppen - Segway Palma<\/title>\n<meta name=\"robots\" content=\"index, follow, max-snippet:-1, max-image-preview:large, max-video-preview:-1\" \/>\n<link rel=\"canonical\" href=\"https:\/\/segwaypalma.com\/de\/servicios\/segway-gruppen\/\" \/>\n<meta property=\"og:locale\" content=\"de_DE\" \/>\n<meta property=\"og:type\" content=\"article\" \/>\n<meta property=\"og:title\" content=\"Segway Gruppen - Segway Palma\" \/>\n<meta property=\"og:description\" content=\"Wir f\u00fchren kombinierte Aktivit\u00e4ten f\u00fcr gro\u00dfe Gruppen durch, sodass die gesamte Gruppe verschiedene Aktivit\u00e4ten ausf\u00fchrt. WOLLST DU VERLIEREN ??? Wir haben auch Roller, Roller, Fahrr\u00e4der, Elektrofahrr\u00e4der, Paddel-Surfen und Kajaks, um Aktivit\u00e4ten mit gro\u00dfen Gruppen durchzuf\u00fchren. Wir k\u00f6nnen Yincanas, Schatzsuchen, Rundg\u00e4nge, Tapas-Routen und andere Aktivit\u00e4ten organisieren, die Sie m\u00f6chten. Wir arbeiten mit anderen Unternehmen zusammen, die &hellip;\" \/>\n<meta property=\"og:url\" content=\"https:\/\/segwaypalma.com\/de\/servicios\/segway-gruppen\/\" \/>\n<meta property=\"og:site_name\" content=\"Segway Palma\" \/>\n<meta property=\"article:modified_time\" content=\"2019-01-09T01:09:43+00:00\" \/>\n<meta property=\"og:image\" content=\"http:\/\/segwaypalma.com\/wps\/wp-content\/uploads\/2019\/01\/segway-playa-de-palma_14472340015-300x208.png\" \/>\n<meta name=\"twitter:card\" content=\"summary_large_image\" \/>\n<meta name=\"twitter:label1\" content=\"Est. reading time\" \/>\n\t<meta name=\"twitter:data1\" content=\"1 minute\" \/>\n<script type=\"application\/ld+json\" class=\"yoast-schema-graph\">{\"@context\":\"https:\\\/\\\/schema.org\",\"@graph\":[{\"@type\":\"WebPage\",\"@id\":\"https:\\\/\\\/segwaypalma.com\\\/de\\\/servicios\\\/segway-gruppen\\\/\",\"url\":\"https:\\\/\\\/segwaypalma.com\\\/de\\\/servicios\\\/segway-gruppen\\\/\",\"name\":\"Segway Gruppen - Segway Palma\",\"isPartOf\":{\"@id\":\"https:\\\/\\\/segwaypalma.com\\\/#website\"},\"primaryImageOfPage\":{\"@id\":\"https:\\\/\\\/segwaypalma.com\\\/de\\\/servicios\\\/segway-gruppen\\\/#primaryimage\"},\"image\":{\"@id\":\"https:\\\/\\\/segwaypalma.com\\\/de\\\/servicios\\\/segway-gruppen\\\/#primaryimage\"},\"thumbnailUrl\":\"https:\\\/\\\/i0.wp.com\\\/segwaypalma.com\\\/wps\\\/wp-content\\\/uploads\\\/2015\\\/07\\\/Museo-Es-Baluard.jpg?fit=1920%2C580&ssl=1\",\"datePublished\":\"2015-08-05T11:17:54+00:00\",\"dateModified\":\"2019-01-09T01:09:43+00:00\",\"breadcrumb\":{\"@id\":\"https:\\\/\\\/segwaypalma.com\\\/de\\\/servicios\\\/segway-gruppen\\\/#breadcrumb\"},\"inLanguage\":\"de\",\"potentialAction\":[{\"@type\":\"ReadAction\",\"target\":[\"https:\\\/\\\/segwaypalma.com\\\/de\\\/servicios\\\/segway-gruppen\\\/\"]}]},{\"@type\":\"ImageObject\",\"inLanguage\":\"de\",\"@id\":\"https:\\\/\\\/segwaypalma.com\\\/de\\\/servicios\\\/segway-gruppen\\\/#primaryimage\",\"url\":\"https:\\\/\\\/i0.wp.com\\\/segwaypalma.com\\\/wps\\\/wp-content\\\/uploads\\\/2015\\\/07\\\/Museo-Es-Baluard.jpg?fit=1920%2C580&ssl=1\",\"contentUrl\":\"https:\\\/\\\/i0.wp.com\\\/segwaypalma.com\\\/wps\\\/wp-content\\\/uploads\\\/2015\\\/07\\\/Museo-Es-Baluard.jpg?fit=1920%2C580&ssl=1\",\"width\":1920,\"height\":580},{\"@type\":\"BreadcrumbList\",\"@id\":\"https:\\\/\\\/segwaypalma.com\\\/de\\\/servicios\\\/segway-gruppen\\\/#breadcrumb\",\"itemListElement\":[{\"@type\":\"ListItem\",\"position\":1,\"name\":\"Portada\",\"item\":\"https:\\\/\\\/segwaypalma.com\\\/de\\\/\"},{\"@type\":\"ListItem\",\"position\":2,\"name\":\"Dienstleistungen\",\"item\":\"https:\\\/\\\/segwaypalma.com\\\/de\\\/servicios\\\/\"},{\"@type\":\"ListItem\",\"position\":3,\"name\":\"Segway Gruppen\"}]},{\"@type\":\"WebSite\",\"@id\":\"https:\\\/\\\/segwaypalma.com\\\/#website\",\"url\":\"https:\\\/\\\/segwaypalma.com\\\/\",\"name\":\"Segway Palma\",\"description\":\"Segway Tours with guide in Palma de Mallorca\",\"publisher\":{\"@id\":\"https:\\\/\\\/segwaypalma.com\\\/#organization\"},\"potentialAction\":[{\"@type\":\"SearchAction\",\"target\":{\"@type\":\"EntryPoint\",\"urlTemplate\":\"https:\\\/\\\/segwaypalma.com\\\/?s={search_term_string}\"},\"query-input\":{\"@type\":\"PropertyValueSpecification\",\"valueRequired\":true,\"valueName\":\"search_term_string\"}}],\"inLanguage\":\"de\"},{\"@type\":\"Organization\",\"@id\":\"https:\\\/\\\/segwaypalma.com\\\/#organization\",\"name\":\"Segway Palma\",\"url\":\"https:\\\/\\\/segwaypalma.com\\\/\",\"logo\":{\"@type\":\"ImageObject\",\"inLanguage\":\"de\",\"@id\":\"https:\\\/\\\/segwaypalma.com\\\/#\\\/schema\\\/logo\\\/image\\\/\",\"url\":\"https:\\\/\\\/i0.wp.com\\\/segwaypalma.com\\\/wps\\\/wp-content\\\/uploads\\\/2015\\\/07\\\/segway-palma-2x.jpg?fit=447%2C224&ssl=1\",\"contentUrl\":\"https:\\\/\\\/i0.wp.com\\\/segwaypalma.com\\\/wps\\\/wp-content\\\/uploads\\\/2015\\\/07\\\/segway-palma-2x.jpg?fit=447%2C224&ssl=1\",\"width\":447,\"height\":224,\"caption\":\"Segway Palma\"},\"image\":{\"@id\":\"https:\\\/\\\/segwaypalma.com\\\/#\\\/schema\\\/logo\\\/image\\\/\"}}]}<\/script>\n<!-- \/ Yoast SEO plugin. -->","yoast_head_json":{"title":"Segway Gruppen - Segway Palma","robots":{"index":"index","follow":"follow","max-snippet":"max-snippet:-1","max-image-preview":"max-image-preview:large","max-video-preview":"max-video-preview:-1"},"canonical":"https:\/\/segwaypalma.com\/de\/servicios\/segway-gruppen\/","og_locale":"de_DE","og_type":"article","og_title":"Segway Gruppen - Segway Palma","og_description":"Wir f\u00fchren kombinierte Aktivit\u00e4ten f\u00fcr gro\u00dfe Gruppen durch, sodass die gesamte Gruppe verschiedene Aktivit\u00e4ten ausf\u00fchrt. WOLLST DU VERLIEREN ??? Wir haben auch Roller, Roller, Fahrr\u00e4der, Elektrofahrr\u00e4der, Paddel-Surfen und Kajaks, um Aktivit\u00e4ten mit gro\u00dfen Gruppen durchzuf\u00fchren. Wir k\u00f6nnen Yincanas, Schatzsuchen, Rundg\u00e4nge, Tapas-Routen und andere Aktivit\u00e4ten organisieren, die Sie m\u00f6chten. Wir arbeiten mit anderen Unternehmen zusammen, die &hellip;","og_url":"https:\/\/segwaypalma.com\/de\/servicios\/segway-gruppen\/","og_site_name":"Segway Palma","article_modified_time":"2019-01-09T01:09:43+00:00","og_image":[{"url":"http:\/\/segwaypalma.com\/wps\/wp-content\/uploads\/2019\/01\/segway-playa-de-palma_14472340015-300x208.png","type":"","width":"","height":""}],"twitter_card":"summary_large_image","twitter_misc":{"Est. reading time":"1 minute"},"schema":{"@context":"https:\/\/schema.org","@graph":[{"@type":"WebPage","@id":"https:\/\/segwaypalma.com\/de\/servicios\/segway-gruppen\/","url":"https:\/\/segwaypalma.com\/de\/servicios\/segway-gruppen\/","name":"Segway Gruppen - Segway Palma","isPartOf":{"@id":"https:\/\/segwaypalma.com\/#website"},"primaryImageOfPage":{"@id":"https:\/\/segwaypalma.com\/de\/servicios\/segway-gruppen\/#primaryimage"},"image":{"@id":"https:\/\/segwaypalma.com\/de\/servicios\/segway-gruppen\/#primaryimage"},"thumbnailUrl":"https:\/\/i0.wp.com\/segwaypalma.com\/wps\/wp-content\/uploads\/2015\/07\/Museo-Es-Baluard.jpg?fit=1920%2C580&ssl=1","datePublished":"2015-08-05T11:17:54+00:00","dateModified":"2019-01-09T01:09:43+00:00","breadcrumb":{"@id":"https:\/\/segwaypalma.com\/de\/servicios\/segway-gruppen\/#breadcrumb"},"inLanguage":"de","potentialAction":[{"@type":"ReadAction","target":["https:\/\/segwaypalma.com\/de\/servicios\/segway-gruppen\/"]}]},{"@type":"ImageObject","inLanguage":"de","@id":"https:\/\/segwaypalma.com\/de\/servicios\/segway-gruppen\/#primaryimage","url":"https:\/\/i0.wp.com\/segwaypalma.com\/wps\/wp-content\/uploads\/2015\/07\/Museo-Es-Baluard.jpg?fit=1920%2C580&ssl=1","contentUrl":"https:\/\/i0.wp.com\/segwaypalma.com\/wps\/wp-content\/uploads\/2015\/07\/Museo-Es-Baluard.jpg?fit=1920%2C580&ssl=1","width":1920,"height":580},{"@type":"BreadcrumbList","@id":"https:\/\/segwaypalma.com\/de\/servicios\/segway-gruppen\/#breadcrumb","itemListElement":[{"@type":"ListItem","position":1,"name":"Portada","item":"https:\/\/segwaypalma.com\/de\/"},{"@type":"ListItem","position":2,"name":"Dienstleistungen","item":"https:\/\/segwaypalma.com\/de\/servicios\/"},{"@type":"ListItem","position":3,"name":"Segway Gruppen"}]},{"@type":"WebSite","@id":"https:\/\/segwaypalma.com\/#website","url":"https:\/\/segwaypalma.com\/","name":"Segway Palma","description":"Segway Tours with guide in Palma de Mallorca","publisher":{"@id":"https:\/\/segwaypalma.com\/#organization"},"potentialAction":[{"@type":"SearchAction","target":{"@type":"EntryPoint","urlTemplate":"https:\/\/segwaypalma.com\/?s={search_term_string}"},"query-input":{"@type":"PropertyValueSpecification","valueRequired":true,"valueName":"search_term_string"}}],"inLanguage":"de"},{"@type":"Organization","@id":"https:\/\/segwaypalma.com\/#organization","name":"Segway Palma","url":"https:\/\/segwaypalma.com\/","logo":{"@type":"ImageObject","inLanguage":"de","@id":"https:\/\/segwaypalma.com\/#\/schema\/logo\/image\/","url":"https:\/\/i0.wp.com\/segwaypalma.com\/wps\/wp-content\/uploads\/2015\/07\/segway-palma-2x.jpg?fit=447%2C224&ssl=1","contentUrl":"https:\/\/i0.wp.com\/segwaypalma.com\/wps\/wp-content\/uploads\/2015\/07\/segway-palma-2x.jpg?fit=447%2C224&ssl=1","width":447,"height":224,"caption":"Segway Palma"},"image":{"@id":"https:\/\/segwaypalma.com\/#\/schema\/logo\/image\/"}}]}},"jetpack_sharing_enabled":true,"jetpack_shortlink":"https:\/\/wp.me\/P7aBAr-Bq","_links":{"self":[{"href":"https:\/\/segwaypalma.com\/de\/wp-json\/wp\/v2\/pages\/2320","targetHints":{"allow":["GET"]}}],"collection":[{"href":"https:\/\/segwaypalma.com\/de\/wp-json\/wp\/v2\/pages"}],"about":[{"href":"https:\/\/segwaypalma.com\/de\/wp-json\/wp\/v2\/types\/page"}],"author":[{"embeddable":true,"href":"https:\/\/segwaypalma.com\/de\/wp-json\/wp\/v2\/users\/1"}],"replies":[{"embeddable":true,"href":"https:\/\/segwaypalma.com\/de\/wp-json\/wp\/v2\/comments?post=2320"}],"version-history":[{"count":0,"href":"https:\/\/segwaypalma.com\/de\/wp-json\/wp\/v2\/pages\/2320\/revisions"}],"up":[{"embeddable":true,"href":"https:\/\/segwaypalma.com\/de\/wp-json\/wp\/v2\/pages\/2322"}],"wp:featuredmedia":[{"embeddable":true,"href":"https:\/\/segwaypalma.com\/de\/wp-json\/wp\/v2\/media\/3135"}],"wp:attachment":[{"href":"https:\/\/segwaypalma.com\/de\/wp-json\/wp\/v2\/media?parent=2320"}],"curies":[{"name":"wp","href":"https:\/\/api.w.org\/{rel}","templated":true}]}}