{"id":2319,"date":"2015-08-04T16:45:23","date_gmt":"2015-08-04T16:45:23","guid":{"rendered":"http:\/\/segwaypalma.com\/wps\/de\/alquileres\/bicicletas\/"},"modified":"2019-01-09T02:54:51","modified_gmt":"2019-01-09T01:54:51","slug":"bicicletas-2","status":"publish","type":"page","link":"https:\/\/segwaypalma.com\/de\/servicios\/bicicletas-2\/","title":{"rendered":"Alquiler de Bicicletas"},"content":{"rendered":"<div id=\"pl-2319\"  class=\"panel-layout\" ><div id=\"pg-2319-0\"  class=\"panel-grid panel-no-style\" ><div id=\"pgc-2319-0-0\"  class=\"panel-grid-cell\" ><div id=\"panel-2319-0-0-0\" class=\"so-panel widget widget_sow-editor panel-first-child panel-last-child\" data-index=\"0\" ><div\n\t\t\t\n\t\t\tclass=\"so-widget-sow-editor so-widget-sow-editor-base\"\n\t\t\t\n\t\t>\n<div class=\"siteorigin-widget-tinymce textwidget\">\n\t<h3>RUTAS - ALQUILER - VENTA<\/h3>\n<p>Tambi\u00e9n organizamos rutas en bicicleta y tenemos alquiler y venta de bicicletas. Trabajamos con las marcas\u00a0 <strong>STEVENS, HAIBIKE, WINORA.<\/strong> Bicicletas para <strong>Mujer-Hombre-Unisex-Ni\u00f1os.<\/strong> De paseo, ciudad, mountainbike, el\u00e9ctricas, pedelec, FATBIKE, FIXIE, MTB, ni\u00f1os y plegables.. Tambi\u00e9n disponemos de cascos, candados, sillas para beb\u00e9s y todo lo que necesites. <strong>T\u00c1NDEM<\/strong>- Para pedalear juntos. Posibilidad de alquiler por d\u00edas.<\/p>\n<\/div>\n<\/div><\/div><\/div><\/div><div id=\"pg-2319-1\"  class=\"panel-grid panel-no-style\" ><div id=\"pgc-2319-1-0\"  class=\"panel-grid-cell\" ><div id=\"panel-2319-1-0-0\" class=\"so-panel widget widget_sow-editor panel-first-child\" data-index=\"1\" ><div\n\t\t\t\n\t\t\tclass=\"so-widget-sow-editor so-widget-sow-editor-base\"\n\t\t\t\n\t\t><h3 class=\"widget-title\">BICI PASEO<\/h3>\n<div class=\"siteorigin-widget-tinymce textwidget\">\n\t<div class=\"siteorigin-widget-tinymce textwidget\"><figure id=\"attachment_2594\" aria-describedby=\"caption-attachment-2594\" style=\"width: 300px\" class=\"wp-caption alignnone\"><img data-recalc-dims=\"1\" loading=\"lazy\" decoding=\"async\" class=\"size-medium wp-image-2594\" src=\"https:\/\/i0.wp.com\/segwaypalma.com\/wps\/wp-content\/uploads\/2018\/03\/winora-reinassance-300x189.jpg?resize=300%2C189\" alt=\"Bici Paseo Palma\" width=\"300\" height=\"189\" srcset=\"https:\/\/i0.wp.com\/segwaypalma.com\/wps\/wp-content\/uploads\/2018\/03\/winora-reinassance.jpg?resize=300%2C189&amp;ssl=1 300w, https:\/\/i0.wp.com\/segwaypalma.com\/wps\/wp-content\/uploads\/2018\/03\/winora-reinassance.jpg?resize=768%2C483&amp;ssl=1 768w, https:\/\/i0.wp.com\/segwaypalma.com\/wps\/wp-content\/uploads\/2018\/03\/winora-reinassance.jpg?w=1024&amp;ssl=1 1024w, https:\/\/i0.wp.com\/segwaypalma.com\/wps\/wp-content\/uploads\/2018\/03\/winora-reinassance.jpg?resize=555%2C349&amp;ssl=1 555w\" sizes=\"auto, (max-width: 300px) 100vw, 300px\" \/><figcaption id=\"caption-attachment-2594\" class=\"wp-caption-text\">City Bike Palma<\/figcaption><\/figure><\/p>\n<p>PRECIO:12\u20ac d\u00eda<\/p>\n<h4>&nbsp;<\/h4>\n<\/div>\n<\/div>\n<\/div><\/div><div id=\"panel-2319-1-0-1\" class=\"so-panel widget widget_sow-editor\" data-index=\"2\" ><div\n\t\t\t\n\t\t\tclass=\"so-widget-sow-editor so-widget-sow-editor-base\"\n\t\t\t\n\t\t><h3 class=\"widget-title\">e-BIKE<\/h3>\n<div class=\"siteorigin-widget-tinymce textwidget\">\n\t<div class=\"siteorigin-widget-tinymce textwidget\">\n<h3><img data-recalc-dims=\"1\" loading=\"lazy\" decoding=\"async\" class=\"alignnone wp-image-2573 size-medium\" src=\"https:\/\/i0.wp.com\/segwaypalma.com\/wps\/wp-content\/uploads\/2018\/03\/bicicleta-electrica-neomouv-artemis_1800177-300x300.jpg?resize=300%2C300\" alt=\"\" width=\"300\" height=\"300\" srcset=\"https:\/\/i0.wp.com\/segwaypalma.com\/wps\/wp-content\/uploads\/2018\/03\/bicicleta-electrica-neomouv-artemis_1800177.jpg?resize=300%2C300&amp;ssl=1 300w, https:\/\/i0.wp.com\/segwaypalma.com\/wps\/wp-content\/uploads\/2018\/03\/bicicleta-electrica-neomouv-artemis_1800177.jpg?resize=150%2C150&amp;ssl=1 150w, https:\/\/i0.wp.com\/segwaypalma.com\/wps\/wp-content\/uploads\/2018\/03\/bicicleta-electrica-neomouv-artemis_1800177.jpg?resize=768%2C768&amp;ssl=1 768w, https:\/\/i0.wp.com\/segwaypalma.com\/wps\/wp-content\/uploads\/2018\/03\/bicicleta-electrica-neomouv-artemis_1800177.jpg?resize=555%2C555&amp;ssl=1 555w, https:\/\/i0.wp.com\/segwaypalma.com\/wps\/wp-content\/uploads\/2018\/03\/bicicleta-electrica-neomouv-artemis_1800177.jpg?w=800&amp;ssl=1 800w\" sizes=\"auto, (max-width: 300px) 100vw, 300px\" \/><\/h3>\n<p>PRECIO: 24\u20ac d\u00eda<\/p>\n<h4>&nbsp;<\/h4>\n<\/div>\n<\/div>\n<\/div><\/div><div id=\"panel-2319-1-0-2\" class=\"so-panel widget widget_sow-editor panel-last-child\" data-index=\"3\" ><div\n\t\t\t\n\t\t\tclass=\"so-widget-sow-editor so-widget-sow-editor-base\"\n\t\t\t\n\t\t><h3 class=\"widget-title\">FIXIE<\/h3>\n<div class=\"siteorigin-widget-tinymce textwidget\">\n\t<div class=\"siteorigin-widget-tinymce textwidget\">\n<h3>&nbsp;<\/h3>\n<figure id=\"attachment_2584\" aria-describedby=\"caption-attachment-2584\" style=\"width: 300px\" class=\"wp-caption alignnone\"><img data-recalc-dims=\"1\" loading=\"lazy\" decoding=\"async\" class=\"Fixie Portitxol wp-image-2584 size-medium\" title=\"Fixie Can Pastilla\" src=\"https:\/\/i0.wp.com\/segwaypalma.com\/wps\/wp-content\/uploads\/2018\/03\/pepita-miyajima-1-300x200.jpg?resize=300%2C200\" alt=\"Fixie Pepita\" width=\"300\" height=\"200\" srcset=\"https:\/\/i0.wp.com\/segwaypalma.com\/wps\/wp-content\/uploads\/2018\/03\/pepita-miyajima-1.jpg?resize=300%2C200&amp;ssl=1 300w, https:\/\/i0.wp.com\/segwaypalma.com\/wps\/wp-content\/uploads\/2018\/03\/pepita-miyajima-1.jpg?resize=272%2C182&amp;ssl=1 272w, https:\/\/i0.wp.com\/segwaypalma.com\/wps\/wp-content\/uploads\/2018\/03\/pepita-miyajima-1.jpg?w=530&amp;ssl=1 530w\" sizes=\"auto, (max-width: 300px) 100vw, 300px\" \/><figcaption id=\"caption-attachment-2584\" class=\"wp-caption-text\">Fixie Palma City<\/figcaption><\/figure>\n<p>PRECIO: 14\u20ac d\u00eda<\/p>\n<h4>&nbsp;<\/h4>\n<\/div>\n<\/div>\n<\/div><\/div><\/div><div id=\"pgc-2319-1-1\"  class=\"panel-grid-cell\" ><div id=\"panel-2319-1-1-0\" class=\"so-panel widget widget_sow-editor panel-first-child\" data-index=\"4\" ><div\n\t\t\t\n\t\t\tclass=\"so-widget-sow-editor so-widget-sow-editor-base\"\n\t\t\t\n\t\t><h3 class=\"widget-title\">e-BIKE MTB<\/h3>\n<div class=\"siteorigin-widget-tinymce textwidget\">\n\t<div class=\"siteorigin-widget-tinymce textwidget\"><figure id=\"attachment_2344\" aria-describedby=\"caption-attachment-2344\" style=\"width: 300px\" class=\"wp-caption alignnone\"><img data-recalc-dims=\"1\" loading=\"lazy\" decoding=\"async\" class=\"size-medium wp-image-2344\" src=\"https:\/\/i0.wp.com\/segwaypalma.com\/wps\/wp-content\/uploads\/2015\/08\/haibike-sduro-hardseven-300x176.jpg?resize=300%2C176\" alt=\"Haibike Calvia\" width=\"300\" height=\"176\" srcset=\"https:\/\/i0.wp.com\/segwaypalma.com\/wps\/wp-content\/uploads\/2015\/08\/haibike-sduro-hardseven.jpg?resize=300%2C176&amp;ssl=1 300w, https:\/\/i0.wp.com\/segwaypalma.com\/wps\/wp-content\/uploads\/2015\/08\/haibike-sduro-hardseven.jpg?resize=555%2C326&amp;ssl=1 555w, https:\/\/i0.wp.com\/segwaypalma.com\/wps\/wp-content\/uploads\/2015\/08\/haibike-sduro-hardseven.jpg?w=940&amp;ssl=1 940w\" sizes=\"auto, (max-width: 300px) 100vw, 300px\" \/><figcaption id=\"caption-attachment-2344\" class=\"wp-caption-text\">Haibike Mallorca<\/figcaption><\/figure><\/p>\n<p>PRECIO: 35\u20ac d\u00eda<\/p>\n<h4>&nbsp;<\/h4>\n<\/div>\n<\/div>\n<\/div><\/div><div id=\"panel-2319-1-1-1\" class=\"so-panel widget widget_sow-editor\" data-index=\"5\" ><div\n\t\t\t\n\t\t\tclass=\"so-widget-sow-editor so-widget-sow-editor-base\"\n\t\t\t\n\t\t><h3 class=\"widget-title\">PLEGABLE<\/h3>\n<div class=\"siteorigin-widget-tinymce textwidget\">\n\t<div class=\"siteorigin-widget-tinymce textwidget\">\n<p><img data-recalc-dims=\"1\" loading=\"lazy\" decoding=\"async\" class=\"alignnone wp-image-2578 size-medium\" src=\"https:\/\/i0.wp.com\/segwaypalma.com\/wps\/wp-content\/uploads\/2018\/03\/linka7-g1-unfold-m0-dkblue-1-300x200.jpg?resize=300%2C200\" alt=\"\" width=\"300\" height=\"200\" srcset=\"https:\/\/i0.wp.com\/segwaypalma.com\/wps\/wp-content\/uploads\/2018\/03\/linka7-g1-unfold-m0-dkblue-1.jpg?resize=300%2C200&amp;ssl=1 300w, https:\/\/i0.wp.com\/segwaypalma.com\/wps\/wp-content\/uploads\/2018\/03\/linka7-g1-unfold-m0-dkblue-1.jpg?resize=768%2C511&amp;ssl=1 768w, https:\/\/i0.wp.com\/segwaypalma.com\/wps\/wp-content\/uploads\/2018\/03\/linka7-g1-unfold-m0-dkblue-1.jpg?resize=1024%2C682&amp;ssl=1 1024w, https:\/\/i0.wp.com\/segwaypalma.com\/wps\/wp-content\/uploads\/2018\/03\/linka7-g1-unfold-m0-dkblue-1.jpg?resize=540%2C360&amp;ssl=1 540w, https:\/\/i0.wp.com\/segwaypalma.com\/wps\/wp-content\/uploads\/2018\/03\/linka7-g1-unfold-m0-dkblue-1.jpg?resize=555%2C370&amp;ssl=1 555w, https:\/\/i0.wp.com\/segwaypalma.com\/wps\/wp-content\/uploads\/2018\/03\/linka7-g1-unfold-m0-dkblue-1.jpg?resize=272%2C182&amp;ssl=1 272w, https:\/\/i0.wp.com\/segwaypalma.com\/wps\/wp-content\/uploads\/2018\/03\/linka7-g1-unfold-m0-dkblue-1.jpg?w=1960&amp;ssl=1 1960w\" sizes=\"auto, (max-width: 300px) 100vw, 300px\" \/><\/p>\n<h3>Bicicleta Plegable<\/h3>\n<p>PRECIO: 12\u20ac d\u00eda<\/p>\n<h4>&nbsp;<\/h4>\n<\/div>\n<\/div>\n<\/div><\/div><div id=\"panel-2319-1-1-2\" class=\"so-panel widget widget_sow-editor panel-last-child\" data-index=\"6\" ><div\n\t\t\t\n\t\t\tclass=\"so-widget-sow-editor so-widget-sow-editor-base\"\n\t\t\t\n\t\t><h3 class=\"widget-title\">NI\u00d1OS<\/h3>\n<div class=\"siteorigin-widget-tinymce textwidget\">\n\t<div class=\"siteorigin-widget-tinymce textwidget\">\n<h3>&nbsp;<\/h3>\n<figure id=\"attachment_2556\" aria-describedby=\"caption-attachment-2556\" style=\"width: 300px\" class=\"wp-caption alignnone\"><img data-recalc-dims=\"1\" loading=\"lazy\" decoding=\"async\" class=\"size-medium wp-image-2556\" src=\"https:\/\/i0.wp.com\/segwaypalma.com\/wps\/wp-content\/uploads\/2018\/03\/beat_sl_24_fire_red-copia-2-300x159.png?resize=300%2C159\" alt=\"children bikes Mallorca\" width=\"300\" height=\"159\" srcset=\"https:\/\/i0.wp.com\/segwaypalma.com\/wps\/wp-content\/uploads\/2018\/03\/beat_sl_24_fire_red-copia-2.png?resize=300%2C159&amp;ssl=1 300w, https:\/\/i0.wp.com\/segwaypalma.com\/wps\/wp-content\/uploads\/2018\/03\/beat_sl_24_fire_red-copia-2.png?w=320&amp;ssl=1 320w\" sizes=\"auto, (max-width: 300px) 100vw, 300px\" \/><figcaption id=\"caption-attachment-2556\" class=\"wp-caption-text\">Bicicleta ni\u00f1os Molinar<\/figcaption><\/figure>\n<p>PRECIO: 12\u20ac d\u00eda<\/p>\n<h4>&nbsp;<\/h4>\n<\/div>\n<\/div>\n<\/div><\/div><\/div><div id=\"pgc-2319-1-2\"  class=\"panel-grid-cell\" ><div id=\"panel-2319-1-2-0\" class=\"so-panel widget widget_sow-editor panel-first-child\" data-index=\"7\" ><div\n\t\t\t\n\t\t\tclass=\"so-widget-sow-editor so-widget-sow-editor-base\"\n\t\t\t\n\t\t><h3 class=\"widget-title\">Mountainbike<\/h3>\n<div class=\"siteorigin-widget-tinymce textwidget\">\n\t<div class=\"siteorigin-widget-tinymce textwidget\"><figure id=\"attachment_2608\" aria-describedby=\"caption-attachment-2608\" style=\"width: 223px\" class=\"wp-caption alignnone\"><img data-recalc-dims=\"1\" loading=\"lazy\" decoding=\"async\" class=\"wp-image-2608\" src=\"https:\/\/i0.wp.com\/segwaypalma.com\/wps\/wp-content\/uploads\/2018\/03\/3x_gent_shiny_petrol_angled-294x300.jpg?resize=223%2C228\" alt=\"MTB Soller\" width=\"223\" height=\"228\" srcset=\"https:\/\/i0.wp.com\/segwaypalma.com\/wps\/wp-content\/uploads\/2018\/03\/3x_gent_shiny_petrol_angled.jpg?resize=294%2C300&amp;ssl=1 294w, https:\/\/i0.wp.com\/segwaypalma.com\/wps\/wp-content\/uploads\/2018\/03\/3x_gent_shiny_petrol_angled.jpg?w=500&amp;ssl=1 500w\" sizes=\"auto, (max-width: 223px) 100vw, 223px\" \/><figcaption id=\"caption-attachment-2608\" class=\"wp-caption-text\">MTB Mallorca<\/figcaption><\/figure><\/p>\n<p>PRECIO: 12\u20ac d\u00eda<\/p>\n<h4>&nbsp;<\/h4>\n<\/div>\n<\/div>\n<\/div><\/div><div id=\"panel-2319-1-2-1\" class=\"so-panel widget widget_sow-editor\" data-index=\"8\" ><div\n\t\t\t\n\t\t\tclass=\"so-widget-sow-editor so-widget-sow-editor-base\"\n\t\t\t\n\t\t><h3 class=\"widget-title\">T\u00c1NDEM<\/h3>\n<div class=\"siteorigin-widget-tinymce textwidget\">\n\t<div class=\"siteorigin-widget-tinymce textwidget\"><figure id=\"attachment_2587\" aria-describedby=\"caption-attachment-2587\" style=\"width: 300px\" class=\"wp-caption alignnone\"><img data-recalc-dims=\"1\" loading=\"lazy\" decoding=\"async\" class=\"Bicicleta para parejas wp-image-2587 size-medium\" title=\"Couple Bike\" src=\"https:\/\/i0.wp.com\/segwaypalma.com\/wps\/wp-content\/uploads\/2018\/03\/quer-tandem-1-300x211.jpg?resize=300%2C211\" alt=\"T\u00e1ndem Cala Mayor\" width=\"300\" height=\"211\" srcset=\"https:\/\/i0.wp.com\/segwaypalma.com\/wps\/wp-content\/uploads\/2018\/03\/quer-tandem-1.jpg?resize=300%2C211&amp;ssl=1 300w, https:\/\/i0.wp.com\/segwaypalma.com\/wps\/wp-content\/uploads\/2018\/03\/quer-tandem-1.jpg?w=370&amp;ssl=1 370w\" sizes=\"auto, (max-width: 300px) 100vw, 300px\" \/><figcaption id=\"caption-attachment-2587\" class=\"wp-caption-text\">T\u00e1ndem Playa de Palma<\/figcaption><\/figure><\/p>\n<p>PRECIO: 18\u20ac d\u00eda<\/p>\n<h4>&nbsp;<\/h4>\n<\/div>\n<\/div>\n<\/div><\/div><div id=\"panel-2319-1-2-2\" class=\"so-panel widget widget_sow-editor panel-last-child\" data-index=\"9\" ><div\n\t\t\t\n\t\t\tclass=\"so-widget-sow-editor so-widget-sow-editor-base\"\n\t\t\t\n\t\t><h3 class=\"widget-title\">BIKE TOURS<\/h3>\n<div class=\"siteorigin-widget-tinymce textwidget\">\n\t<div class=\"siteorigin-widget-tinymce textwidget\"><figure id=\"attachment_2328\" aria-describedby=\"caption-attachment-2328\" style=\"width: 300px\" class=\"wp-caption alignnone\"><img data-recalc-dims=\"1\" loading=\"lazy\" decoding=\"async\" class=\"size-medium wp-image-2328\" src=\"https:\/\/i0.wp.com\/segwaypalma.com\/wps\/wp-content\/uploads\/2015\/08\/winora-ebike-300x190.jpg?resize=300%2C190\" alt=\"Rutas en bicicleta Palma\" width=\"300\" height=\"190\" srcset=\"https:\/\/i0.wp.com\/segwaypalma.com\/wps\/wp-content\/uploads\/2015\/08\/winora-ebike.jpg?resize=300%2C190&amp;ssl=1 300w, https:\/\/i0.wp.com\/segwaypalma.com\/wps\/wp-content\/uploads\/2015\/08\/winora-ebike.jpg?resize=1024%2C648&amp;ssl=1 1024w, https:\/\/i0.wp.com\/segwaypalma.com\/wps\/wp-content\/uploads\/2015\/08\/winora-ebike.jpg?resize=555%2C351&amp;ssl=1 555w, https:\/\/i0.wp.com\/segwaypalma.com\/wps\/wp-content\/uploads\/2015\/08\/winora-ebike.jpg?w=1900&amp;ssl=1 1900w\" sizes=\"auto, (max-width: 300px) 100vw, 300px\" \/><figcaption id=\"caption-attachment-2328\" class=\"wp-caption-text\">BIKE TOURS<\/figcaption><\/figure><\/p>\n<h3>&nbsp;<\/h3>\n<p><a href=\"http:\/\/segwaypalma.com\/rutas-en-bicicleta\/\" target=\"_blank\" rel=\"http:\/\/segwaypalma.com\/rutas-en-bicicleta\/ noopener\"><img data-recalc-dims=\"1\" loading=\"lazy\" decoding=\"async\" class=\"alignnone\" title=\"Reserva\" src=\"https:\/\/i0.wp.com\/www.rolactivo.com\/admin\/botonesSindicacion\/ES.png?resize=183%2C44\" alt=\"Reserva\" width=\"183\" height=\"44\" border=\"0\"><\/a><\/p>\n<h4>&nbsp;<\/h4>\n<\/div>\n<\/div>\n<\/div><\/div><\/div><\/div><\/div>","protected":false},"excerpt":{"rendered":"<p>Tambi\u00e9n organizamos rutas en bicicleta y tenemos alquiler y venta de bicicletas. Trabajamos con la marca WINORA. Bicicletas para Mujer-Hombre-Unisex-Ni\u00f1os. De paseo, ciudad, el\u00e9ctricas, t\u00e1ndem. Tambi\u00e9n disponemos de cascos, candados, sillas para beb\u00e9s y todo lo que necesites. T\u00c1NDEM- Para pedalear juntos. Posibilidad de alquiler por d\u00edas y por horas.<\/p>\n","protected":false},"author":1,"featured_media":3161,"parent":2322,"menu_order":0,"comment_status":"closed","ping_status":"open","template":"template-builder-page.php","meta":{"jetpack_post_was_ever_published":false,"footnotes":""},"class_list":["post-2319","page","type-page","status-publish","has-post-thumbnail","hentry"],"yoast_head":"<!-- This site is optimized with the Yoast SEO plugin v27.3 - https:\/\/yoast.com\/product\/yoast-seo-wordpress\/ -->\n<title>Alquiler de Bicicletas - Segway Palma<\/title>\n<meta name=\"robots\" content=\"index, follow, max-snippet:-1, max-image-preview:large, max-video-preview:-1\" \/>\n<link rel=\"canonical\" href=\"https:\/\/segwaypalma.com\/de\/servicios\/bicicletas-2\/\" \/>\n<meta property=\"og:locale\" content=\"de_DE\" \/>\n<meta property=\"og:type\" content=\"article\" \/>\n<meta property=\"og:title\" content=\"Alquiler de Bicicletas - Segway Palma\" \/>\n<meta property=\"og:description\" content=\"Tambi\u00e9n organizamos rutas en bicicleta y tenemos alquiler y venta de bicicletas. Trabajamos con la marca WINORA. Bicicletas para Mujer-Hombre-Unisex-Ni\u00f1os. De paseo, ciudad, el\u00e9ctricas, t\u00e1ndem. Tambi\u00e9n disponemos de cascos, candados, sillas para beb\u00e9s y todo lo que necesites. T\u00c1NDEM- Para pedalear juntos. Posibilidad de alquiler por d\u00edas y por horas.\" \/>\n<meta property=\"og:url\" content=\"https:\/\/segwaypalma.com\/de\/servicios\/bicicletas-2\/\" \/>\n<meta property=\"og:site_name\" content=\"Segway Palma\" \/>\n<meta property=\"article:modified_time\" content=\"2019-01-09T01:54:51+00:00\" \/>\n<meta property=\"og:image\" content=\"http:\/\/segwaypalma.com\/wps\/wp-content\/uploads\/2018\/03\/winora-reinassance-300x189.jpg\" \/>\n<meta name=\"twitter:card\" content=\"summary_large_image\" \/>\n<meta name=\"twitter:label1\" content=\"Est. reading time\" \/>\n\t<meta name=\"twitter:data1\" content=\"1 minute\" \/>\n<script type=\"application\/ld+json\" class=\"yoast-schema-graph\">{\"@context\":\"https:\\\/\\\/schema.org\",\"@graph\":[{\"@type\":\"WebPage\",\"@id\":\"https:\\\/\\\/segwaypalma.com\\\/de\\\/servicios\\\/bicicletas-2\\\/\",\"url\":\"https:\\\/\\\/segwaypalma.com\\\/de\\\/servicios\\\/bicicletas-2\\\/\",\"name\":\"Alquiler de Bicicletas - Segway Palma\",\"isPartOf\":{\"@id\":\"https:\\\/\\\/segwaypalma.com\\\/#website\"},\"primaryImageOfPage\":{\"@id\":\"https:\\\/\\\/segwaypalma.com\\\/de\\\/servicios\\\/bicicletas-2\\\/#primaryimage\"},\"image\":{\"@id\":\"https:\\\/\\\/segwaypalma.com\\\/de\\\/servicios\\\/bicicletas-2\\\/#primaryimage\"},\"thumbnailUrl\":\"https:\\\/\\\/i0.wp.com\\\/segwaypalma.com\\\/wps\\\/wp-content\\\/uploads\\\/2015\\\/08\\\/winora-ebike.jpg?fit=1900%2C1202&ssl=1\",\"datePublished\":\"2015-08-04T16:45:23+00:00\",\"dateModified\":\"2019-01-09T01:54:51+00:00\",\"breadcrumb\":{\"@id\":\"https:\\\/\\\/segwaypalma.com\\\/de\\\/servicios\\\/bicicletas-2\\\/#breadcrumb\"},\"inLanguage\":\"de\",\"potentialAction\":[{\"@type\":\"ReadAction\",\"target\":[\"https:\\\/\\\/segwaypalma.com\\\/de\\\/servicios\\\/bicicletas-2\\\/\"]}]},{\"@type\":\"ImageObject\",\"inLanguage\":\"de\",\"@id\":\"https:\\\/\\\/segwaypalma.com\\\/de\\\/servicios\\\/bicicletas-2\\\/#primaryimage\",\"url\":\"https:\\\/\\\/i0.wp.com\\\/segwaypalma.com\\\/wps\\\/wp-content\\\/uploads\\\/2015\\\/08\\\/winora-ebike.jpg?fit=1900%2C1202&ssl=1\",\"contentUrl\":\"https:\\\/\\\/i0.wp.com\\\/segwaypalma.com\\\/wps\\\/wp-content\\\/uploads\\\/2015\\\/08\\\/winora-ebike.jpg?fit=1900%2C1202&ssl=1\",\"width\":1900,\"height\":1202,\"caption\":\"BIKE TOURS\"},{\"@type\":\"BreadcrumbList\",\"@id\":\"https:\\\/\\\/segwaypalma.com\\\/de\\\/servicios\\\/bicicletas-2\\\/#breadcrumb\",\"itemListElement\":[{\"@type\":\"ListItem\",\"position\":1,\"name\":\"Portada\",\"item\":\"https:\\\/\\\/segwaypalma.com\\\/de\\\/\"},{\"@type\":\"ListItem\",\"position\":2,\"name\":\"Dienstleistungen\",\"item\":\"https:\\\/\\\/segwaypalma.com\\\/de\\\/servicios\\\/\"},{\"@type\":\"ListItem\",\"position\":3,\"name\":\"Alquiler de Bicicletas\"}]},{\"@type\":\"WebSite\",\"@id\":\"https:\\\/\\\/segwaypalma.com\\\/#website\",\"url\":\"https:\\\/\\\/segwaypalma.com\\\/\",\"name\":\"Segway Palma\",\"description\":\"Segway Tours with guide in Palma de Mallorca\",\"publisher\":{\"@id\":\"https:\\\/\\\/segwaypalma.com\\\/#organization\"},\"potentialAction\":[{\"@type\":\"SearchAction\",\"target\":{\"@type\":\"EntryPoint\",\"urlTemplate\":\"https:\\\/\\\/segwaypalma.com\\\/?s={search_term_string}\"},\"query-input\":{\"@type\":\"PropertyValueSpecification\",\"valueRequired\":true,\"valueName\":\"search_term_string\"}}],\"inLanguage\":\"de\"},{\"@type\":\"Organization\",\"@id\":\"https:\\\/\\\/segwaypalma.com\\\/#organization\",\"name\":\"Segway Palma\",\"url\":\"https:\\\/\\\/segwaypalma.com\\\/\",\"logo\":{\"@type\":\"ImageObject\",\"inLanguage\":\"de\",\"@id\":\"https:\\\/\\\/segwaypalma.com\\\/#\\\/schema\\\/logo\\\/image\\\/\",\"url\":\"https:\\\/\\\/i0.wp.com\\\/segwaypalma.com\\\/wps\\\/wp-content\\\/uploads\\\/2015\\\/07\\\/segway-palma-2x.jpg?fit=447%2C224&ssl=1\",\"contentUrl\":\"https:\\\/\\\/i0.wp.com\\\/segwaypalma.com\\\/wps\\\/wp-content\\\/uploads\\\/2015\\\/07\\\/segway-palma-2x.jpg?fit=447%2C224&ssl=1\",\"width\":447,\"height\":224,\"caption\":\"Segway Palma\"},\"image\":{\"@id\":\"https:\\\/\\\/segwaypalma.com\\\/#\\\/schema\\\/logo\\\/image\\\/\"}}]}<\/script>\n<!-- \/ Yoast SEO plugin. -->","yoast_head_json":{"title":"Alquiler de Bicicletas - Segway Palma","robots":{"index":"index","follow":"follow","max-snippet":"max-snippet:-1","max-image-preview":"max-image-preview:large","max-video-preview":"max-video-preview:-1"},"canonical":"https:\/\/segwaypalma.com\/de\/servicios\/bicicletas-2\/","og_locale":"de_DE","og_type":"article","og_title":"Alquiler de Bicicletas - Segway Palma","og_description":"Tambi\u00e9n organizamos rutas en bicicleta y tenemos alquiler y venta de bicicletas. Trabajamos con la marca WINORA. Bicicletas para Mujer-Hombre-Unisex-Ni\u00f1os. De paseo, ciudad, el\u00e9ctricas, t\u00e1ndem. Tambi\u00e9n disponemos de cascos, candados, sillas para beb\u00e9s y todo lo que necesites. T\u00c1NDEM- Para pedalear juntos. Posibilidad de alquiler por d\u00edas y por horas.","og_url":"https:\/\/segwaypalma.com\/de\/servicios\/bicicletas-2\/","og_site_name":"Segway Palma","article_modified_time":"2019-01-09T01:54:51+00:00","og_image":[{"url":"http:\/\/segwaypalma.com\/wps\/wp-content\/uploads\/2018\/03\/winora-reinassance-300x189.jpg","type":"","width":"","height":""}],"twitter_card":"summary_large_image","twitter_misc":{"Est. reading time":"1 minute"},"schema":{"@context":"https:\/\/schema.org","@graph":[{"@type":"WebPage","@id":"https:\/\/segwaypalma.com\/de\/servicios\/bicicletas-2\/","url":"https:\/\/segwaypalma.com\/de\/servicios\/bicicletas-2\/","name":"Alquiler de Bicicletas - Segway Palma","isPartOf":{"@id":"https:\/\/segwaypalma.com\/#website"},"primaryImageOfPage":{"@id":"https:\/\/segwaypalma.com\/de\/servicios\/bicicletas-2\/#primaryimage"},"image":{"@id":"https:\/\/segwaypalma.com\/de\/servicios\/bicicletas-2\/#primaryimage"},"thumbnailUrl":"https:\/\/i0.wp.com\/segwaypalma.com\/wps\/wp-content\/uploads\/2015\/08\/winora-ebike.jpg?fit=1900%2C1202&ssl=1","datePublished":"2015-08-04T16:45:23+00:00","dateModified":"2019-01-09T01:54:51+00:00","breadcrumb":{"@id":"https:\/\/segwaypalma.com\/de\/servicios\/bicicletas-2\/#breadcrumb"},"inLanguage":"de","potentialAction":[{"@type":"ReadAction","target":["https:\/\/segwaypalma.com\/de\/servicios\/bicicletas-2\/"]}]},{"@type":"ImageObject","inLanguage":"de","@id":"https:\/\/segwaypalma.com\/de\/servicios\/bicicletas-2\/#primaryimage","url":"https:\/\/i0.wp.com\/segwaypalma.com\/wps\/wp-content\/uploads\/2015\/08\/winora-ebike.jpg?fit=1900%2C1202&ssl=1","contentUrl":"https:\/\/i0.wp.com\/segwaypalma.com\/wps\/wp-content\/uploads\/2015\/08\/winora-ebike.jpg?fit=1900%2C1202&ssl=1","width":1900,"height":1202,"caption":"BIKE TOURS"},{"@type":"BreadcrumbList","@id":"https:\/\/segwaypalma.com\/de\/servicios\/bicicletas-2\/#breadcrumb","itemListElement":[{"@type":"ListItem","position":1,"name":"Portada","item":"https:\/\/segwaypalma.com\/de\/"},{"@type":"ListItem","position":2,"name":"Dienstleistungen","item":"https:\/\/segwaypalma.com\/de\/servicios\/"},{"@type":"ListItem","position":3,"name":"Alquiler de Bicicletas"}]},{"@type":"WebSite","@id":"https:\/\/segwaypalma.com\/#website","url":"https:\/\/segwaypalma.com\/","name":"Segway Palma","description":"Segway Tours with guide in Palma de Mallorca","publisher":{"@id":"https:\/\/segwaypalma.com\/#organization"},"potentialAction":[{"@type":"SearchAction","target":{"@type":"EntryPoint","urlTemplate":"https:\/\/segwaypalma.com\/?s={search_term_string}"},"query-input":{"@type":"PropertyValueSpecification","valueRequired":true,"valueName":"search_term_string"}}],"inLanguage":"de"},{"@type":"Organization","@id":"https:\/\/segwaypalma.com\/#organization","name":"Segway Palma","url":"https:\/\/segwaypalma.com\/","logo":{"@type":"ImageObject","inLanguage":"de","@id":"https:\/\/segwaypalma.com\/#\/schema\/logo\/image\/","url":"https:\/\/i0.wp.com\/segwaypalma.com\/wps\/wp-content\/uploads\/2015\/07\/segway-palma-2x.jpg?fit=447%2C224&ssl=1","contentUrl":"https:\/\/i0.wp.com\/segwaypalma.com\/wps\/wp-content\/uploads\/2015\/07\/segway-palma-2x.jpg?fit=447%2C224&ssl=1","width":447,"height":224,"caption":"Segway Palma"},"image":{"@id":"https:\/\/segwaypalma.com\/#\/schema\/logo\/image\/"}}]}},"jetpack_sharing_enabled":true,"jetpack_shortlink":"https:\/\/wp.me\/P7aBAr-Bp","_links":{"self":[{"href":"https:\/\/segwaypalma.com\/de\/wp-json\/wp\/v2\/pages\/2319","targetHints":{"allow":["GET"]}}],"collection":[{"href":"https:\/\/segwaypalma.com\/de\/wp-json\/wp\/v2\/pages"}],"about":[{"href":"https:\/\/segwaypalma.com\/de\/wp-json\/wp\/v2\/types\/page"}],"author":[{"embeddable":true,"href":"https:\/\/segwaypalma.com\/de\/wp-json\/wp\/v2\/users\/1"}],"replies":[{"embeddable":true,"href":"https:\/\/segwaypalma.com\/de\/wp-json\/wp\/v2\/comments?post=2319"}],"version-history":[{"count":0,"href":"https:\/\/segwaypalma.com\/de\/wp-json\/wp\/v2\/pages\/2319\/revisions"}],"up":[{"embeddable":true,"href":"https:\/\/segwaypalma.com\/de\/wp-json\/wp\/v2\/pages\/2322"}],"wp:featuredmedia":[{"embeddable":true,"href":"https:\/\/segwaypalma.com\/de\/wp-json\/wp\/v2\/media\/3161"}],"wp:attachment":[{"href":"https:\/\/segwaypalma.com\/de\/wp-json\/wp\/v2\/media?parent=2319"}],"curies":[{"name":"wp","href":"https:\/\/api.w.org\/{rel}","templated":true}]}}