{"id":2255,"date":"2014-10-15T12:59:47","date_gmt":"2014-10-15T12:59:47","guid":{"rendered":"http:\/\/segwaypalma.com\/wps\/de\/front-page\/"},"modified":"2017-12-08T20:40:37","modified_gmt":"2017-12-08T19:40:37","slug":"homepage","status":"publish","type":"page","link":"https:\/\/segwaypalma.com\/de\/","title":{"rendered":"Homepage"},"content":{"rendered":"<div id=\"pl-2255\"  class=\"panel-layout\" ><div id=\"pg-2255-0\"  class=\"panel-grid panel-has-style\" ><div class=\"siteorigin-panels-stretch panel-row-style panel-row-style-for-2255-0\" data-stretch-type=\"full\" ><div id=\"pgc-2255-0-0\"  class=\"panel-grid-cell\" ><div id=\"panel-2255-0-0-0\" class=\"so-panel widget widget_pt_banner widget-banner panel-first-child panel-last-child\" data-index=\"0\" ><div class=\"panel-widget-style panel-widget-style-for-2255-0-0-0\" >\t\t\t\t<div class=\"banner__text\">\n\t\t\t\t\tEntdecken Sie Palma de Mallorca und seine Str\u00e4nde Reiten ein segway\t\t\t\t<\/div>\n\t\t\t\t<div class=\"banner__buttons\">\n\t\t\t\t\t<a class=\"btn  btn-primary\" href=\"mallorca-segway-tours\" target=\"_self\">Kennen die Touren<\/a>\t\t\t\t<\/div>\n\t\t\t<\/div><\/div><\/div><\/div><\/div><div id=\"pg-2255-1\"  class=\"panel-grid panel-no-style\" ><div id=\"pgc-2255-1-0\"  class=\"panel-grid-cell panel-grid-cell-mobile-last\" ><div id=\"panel-2255-1-0-0\" class=\"so-panel widget widget_pt_featured_page widget-featured-page panel-first-child panel-last-child\" data-index=\"1\" >\t\t\t\t<div class=\"page-box page-box--block post-2255 page type-page status-publish hentry\">\n\t\t\t\t\t\t\t\t\t\t\t\t\t\t\t<a class=\"page-box__picture\" href=\"https:\/\/segwaypalma.com\/de\/mallorca-segway-routen\/\"><img decoding=\"async\" src=\"\" width=\"\" height=\"\" srcset=\" w,  w\" sizes=\"(min-width: 992px) 360px, calc(100vw - 30px)\" class=\"wp-post-image\" alt=\"Unsere Routen\"><\/a>\n\t\t\t\t\t\t\t\t\t\t\t\t\t\t<div class=\"page-box__content\">\n\t\t\t\t\t\t<h5 class=\"page-box__title  text-uppercase\"><a href=\"https:\/\/segwaypalma.com\/de\/mallorca-segway-routen\/\">Unsere Routen<\/a><\/h5>\n\t\t\t\t\t\t<p>STRAND TOUR. Dauer 1 Stunde (Nur im Sommer) Playa de Palma, Sometimes, Can Pastilla, Cala Estancia, Es Carnatge. STADT TOUR Parque del Mar- Kathedrale- Almudaina Palast- Dalt Murada- Arabische B\u00e4der- Santa Eulalia-Plaza Mayor- Kirchen- Mallorquinische &hellip;<\/p>\n\t\t\t\t\t\t\t\t\t\t\t\t\t<p><a href=\"https:\/\/segwaypalma.com\/de\/mallorca-segway-routen\/\" class=\"read-more  read-more--page-box\">Read more<\/a><\/p>\n\t\t\t\t\t\t\t\t\t\t\t<\/div>\n\t\t\t\t<\/div>\n\n\t\t\t<\/div><\/div><div id=\"pgc-2255-1-1\"  class=\"panel-grid-cell panel-grid-cell-empty\" ><\/div><\/div><div id=\"pg-2255-2\"  class=\"panel-grid panel-has-style\" ><div class=\"siteorigin-panels-stretch panel-row-style panel-row-style-for-2255-2\" data-stretch-type=\"full\" ><div id=\"pgc-2255-2-0\"  class=\"panel-grid-cell\" ><div id=\"panel-2255-2-0-0\" class=\"so-panel widget widget_pt_testimonials widget-testimonials panel-first-child panel-last-child\" data-index=\"2\" >\n\t\t\t<div class=\"testimonial\">\n\t\t\t\t<h2 class=\"widget-title\">\n\t\t\t\t\n\t\t\t\t\tR\u00fcckmeldungen von unseren Kunden\t\t\t\t<\/h2>\n\t\t\t\t<div id=\"carousel-testimonials-widget-2-0-0\" class=\"carousel slide\" >\n\t\t\t\t\t<!-- Wrapper for slides -->\n\t\t\t\t\t<div class=\"carousel-inner\" role=\"listbox\">\n\t\t\t\t\t\t<div class=\"item active\">\n\t\t\t\t\t\t\t<div class=\"row\">\n\t\t\t\t\t\t\t\t\t\t\t\t\t\t\t\t\t\t\t\t\t\t\t<div class=\"col-xs-12  col-sm-6\">\n\t\t\t\t\t\t\t\t\t<blockquote class=\"testimonial__quote\">\n\t\t\t\t\t\t\t\t\t\tDie 1h tour ist sehr zu empfehlen, besonders f\u00fcr neulinge mit einem segway. die ger\u00e4te sind einfach zu fahren \t\t\t\t\t\t\t\t\t<\/blockquote>\n\t\t\t\t\t\t\t\t\t<cite class=\"testimonial__author\">\n\t\t\t\t\t\t\t\t\t\tStufe\t\t\t\t\t\t\t\t\t<\/cite>\n\n\t\t\t\t\t\t\t\t\t\t\t\t\t\t\t\t\t\t\t<div class=\"testimonial__rating\">\n\t\t\t\t\t\t\t\t\t\t<i class=\"fa  fa-star\"><\/i><i class=\"fa  fa-star\"><\/i><i class=\"fa  fa-star\"><\/i><i class=\"fa  fa-star\"><\/i><i class=\"fa  fa-star\"><\/i>\t\t\t\t\t\t\t\t\t\t<\/div>\n\t\t\t\t\t\t\t\t\t\t\t\t\t\t\t\t\t<\/div>\n\t\t\t\t\t\t\t\t\t\t\t\t\t\t\t\t\t\t\t\t\t\t\t<div class=\"col-xs-12  col-sm-6\">\n\t\t\t\t\t\t\t\t\t<blockquote class=\"testimonial__quote\">\n\t\t\t\t\t\t\t\t\t\tWir hatten unsere erste Tour vor ca. einem Jahr und da uns diese Tour so gut gefallen hat, wollten wir auch dieses Jahr zum Wiederholungst\u00e4ter werden. \nUnsere Gruppe bestand aus alten Hasen und Fahranf\u00e4ngern, was wunderbar funktioniert hat.\nEins wei\u00df ich: wir kommen wieder! ... und Danke an unsere beiden Guides!\n\t\t\t\t\t\t\t\t\t<\/blockquote>\n\t\t\t\t\t\t\t\t\t<cite class=\"testimonial__author\">\n\t\t\t\t\t\t\t\t\t\tMarcos A.\t\t\t\t\t\t\t\t\t<\/cite>\n\n\t\t\t\t\t\t\t\t\t\t\t\t\t\t\t\t\t\t\t<div class=\"testimonial__rating\">\n\t\t\t\t\t\t\t\t\t\t<i class=\"fa  fa-star\"><\/i><i class=\"fa  fa-star\"><\/i><i class=\"fa  fa-star\"><\/i><i class=\"fa  fa-star\"><\/i><i class=\"fa  fa-star\"><\/i>\t\t\t\t\t\t\t\t\t\t<\/div>\n\t\t\t\t\t\t\t\t\t\t\t\t\t\t\t\t\t<\/div>\n\t\t\t\t\t\t\t\t\t\t\t\t\t\t<\/div>\n\t\t\t\t\t\t<\/div>\n\t\t\t\t\t<\/div>\n\t\t\t\t<\/div>\n\t\t\t<\/div>\n\n\t\t\t<\/div><\/div><\/div><\/div><div id=\"pg-2255-3\"  class=\"panel-grid panel-has-style\" ><div class=\"siteorigin-panels-stretch panel-row-style panel-row-style-for-2255-3\" data-stretch-type=\"full\" ><div id=\"pgc-2255-3-0\"  class=\"panel-grid-cell\" ><div id=\"panel-2255-3-0-0\" class=\"so-panel widget widget_text panel-first-child panel-last-child\" data-index=\"3\" ><div class=\"panel-widget-style panel-widget-style-for-2255-3-0-0\" >\t\t\t<div class=\"textwidget\"><div class=\"motivational-text\">Gehen Sie mit einem Segway, ein einmaliges Erlebnis in einer einzigartigen Umgebung, die Insel Mallorca ... \nEcol\u00f3gico, intuitiv und macht Spa\u00df. So einfach, dass alle gehen k\u00f6nnen, besuchen Sie uns auf einen Weg machen<\/div><\/div>\n\t\t<\/div><\/div><\/div><\/div><\/div><div id=\"pg-2255-4\"  class=\"panel-grid panel-no-style\" ><div id=\"pgc-2255-4-0\"  class=\"panel-grid-cell\" ><div id=\"panel-2255-4-0-0\" class=\"so-panel widget widget_sow-editor panel-first-child panel-last-child\" data-index=\"4\" ><div\n\t\t\t\n\t\t\tclass=\"so-widget-sow-editor so-widget-sow-editor-base\"\n\t\t\t\n\t\t><h3 class=\"widget-title\">Zertifikat f\u00fcr Exzellenz<\/h3>\n<div class=\"siteorigin-widget-tinymce textwidget\">\n\t<p><a href=\"https:\/\/www.tripadvisor.de\/Attraction_Review-g187463-d2353504-Reviews-Segway_Palma-Palma_de_Mallorca_Majorca_Balearic_Islands.html\"><img data-recalc-dims=\"1\" loading=\"lazy\" decoding=\"async\" class=\"alignnone size-full wp-image-2522\" src=\"https:\/\/i0.wp.com\/segwaypalma.com\/wps\/wp-content\/uploads\/2014\/10\/Print_Logo_COE2016_en.jpg?resize=283%2C286\" alt=\"Certificado de Excelencia de TripAdvisor\" width=\"283\" height=\"286\" \/><\/a><\/p>\n<\/div>\n<\/div><\/div><\/div><div id=\"pgc-2255-4-1\"  class=\"panel-grid-cell\" ><div id=\"panel-2255-4-1-0\" class=\"so-panel widget widget_sow-editor panel-first-child panel-last-child\" data-index=\"5\" ><div\n\t\t\t\n\t\t\tclass=\"so-widget-sow-editor so-widget-sow-editor-base\"\n\t\t\t\n\t\t><h3 class=\"widget-title\">Unsere Garantien<\/h3>\n<div class=\"siteorigin-widget-tinymce textwidget\">\n\t<p><img data-recalc-dims=\"1\" loading=\"lazy\" decoding=\"async\" class=\"alignnone size-full wp-image-2347\" src=\"https:\/\/i0.wp.com\/segwaypalma.com\/wps\/wp-content\/uploads\/2015\/08\/segway-tour-autorizado-palma-mallorca.png?resize=208%2C116\" alt=\"segway-tour-autorizado-palma-mallorca\" width=\"208\" height=\"116\" \/><\/p>\n<p><img data-recalc-dims=\"1\" loading=\"lazy\" decoding=\"async\" class=\"alignnone size-full wp-image-2448\" style=\"border: 1px solid #000;\" src=\"https:\/\/i0.wp.com\/segwaypalma.com\/wps\/wp-content\/uploads\/2015\/12\/turisme-aventura-balear.png?resize=208%2C116\" alt=\"turisme-aventura-balear\" width=\"208\" height=\"116\" \/><\/p>\n<p><img data-recalc-dims=\"1\" loading=\"lazy\" decoding=\"async\" class=\"alignnone size-thumbnail wp-image-2544\" src=\"https:\/\/i0.wp.com\/segwaypalma.com\/wps\/wp-content\/uploads\/2014\/10\/IB-ACTIVA-TA-11BAL-150x150.jpg?resize=150%2C150\" alt=\"\" width=\"150\" height=\"150\" srcset=\"https:\/\/i0.wp.com\/segwaypalma.com\/wps\/wp-content\/uploads\/2014\/10\/IB-ACTIVA-TA-11BAL.jpg?resize=150%2C150&amp;ssl=1 150w, https:\/\/i0.wp.com\/segwaypalma.com\/wps\/wp-content\/uploads\/2014\/10\/IB-ACTIVA-TA-11BAL.jpg?resize=300%2C300&amp;ssl=1 300w, https:\/\/i0.wp.com\/segwaypalma.com\/wps\/wp-content\/uploads\/2014\/10\/IB-ACTIVA-TA-11BAL.jpg?resize=555%2C555&amp;ssl=1 555w, https:\/\/i0.wp.com\/segwaypalma.com\/wps\/wp-content\/uploads\/2014\/10\/IB-ACTIVA-TA-11BAL.jpg?w=569&amp;ssl=1 569w\" sizes=\"auto, (max-width: 150px) 100vw, 150px\" \/><\/p>\n<\/div>\n<\/div><\/div><\/div><\/div><\/div>","protected":false},"excerpt":{"rendered":"<p>Entdecken Sie Palma de Mallorca und seine Str\u00e4nde Reiten ein segway Kennen die Touren Unsere Routen STRAND TOUR. Dauer 1 Stunde (Nur im Sommer) Playa de Palma, Sometimes, Can Pastilla, Cala Estancia, Es Carnatge. STADT TOUR Parque del Mar- Kathedrale- Almudaina Palast- Dalt Murada- Arabische B\u00e4der- Santa Eulalia-Plaza Mayor- Kirchen- Mallorquinische &hellip; Read more R\u00fcckmeldungen &hellip;<\/p>\n","protected":false},"author":1,"featured_media":0,"parent":0,"menu_order":0,"comment_status":"closed","ping_status":"closed","template":"template-builder-page.php","meta":{"jetpack_post_was_ever_published":false,"footnotes":""},"class_list":["post-2255","page","type-page","status-publish","hentry"],"yoast_head":"<!-- This site is optimized with the Yoast SEO plugin v27.3 - https:\/\/yoast.com\/product\/yoast-seo-wordpress\/ -->\n<title>Gef\u00fchrte Segway Touren in Palma de Mallorca<\/title>\n<meta name=\"description\" content=\"Gef\u00fchrte Segway Touren Palma de Mallorca. Entdecken Sie die Stadt von Palma und die Playa del Arenal der am meisten Spa\u00df mit unserer Segway-Touren.\" \/>\n<meta name=\"robots\" content=\"index, follow, max-snippet:-1, max-image-preview:large, max-video-preview:-1\" \/>\n<link rel=\"canonical\" href=\"https:\/\/segwaypalma.com\/de\/\" \/>\n<meta property=\"og:locale\" content=\"de_DE\" \/>\n<meta property=\"og:type\" content=\"article\" \/>\n<meta property=\"og:title\" content=\"Gef\u00fchrte Segway Touren in Palma de Mallorca\" \/>\n<meta property=\"og:description\" content=\"Gef\u00fchrte Segway Touren Palma de Mallorca. Entdecken Sie die Stadt von Palma und die Playa del Arenal der am meisten Spa\u00df mit unserer Segway-Touren.\" \/>\n<meta property=\"og:url\" content=\"https:\/\/segwaypalma.com\/de\/\" \/>\n<meta property=\"og:site_name\" content=\"Segway Palma\" \/>\n<meta property=\"article:modified_time\" content=\"2017-12-08T19:40:37+00:00\" \/>\n<meta property=\"og:image\" content=\"http:\/\/segwaypalma.com\/wps\/wp-content\/uploads\/2014\/10\/Print_Logo_COE2016_en.jpg\" \/>\n<meta name=\"twitter:card\" content=\"summary_large_image\" \/>\n<script type=\"application\/ld+json\" class=\"yoast-schema-graph\">{\"@context\":\"https:\\\/\\\/schema.org\",\"@graph\":[{\"@type\":\"WebPage\",\"@id\":\"https:\\\/\\\/segwaypalma.com\\\/de\\\/\",\"url\":\"https:\\\/\\\/segwaypalma.com\\\/de\\\/\",\"name\":\"Gef\u00fchrte Segway Touren in Palma de Mallorca\",\"isPartOf\":{\"@id\":\"https:\\\/\\\/segwaypalma.com\\\/#website\"},\"primaryImageOfPage\":{\"@id\":\"https:\\\/\\\/segwaypalma.com\\\/de\\\/#primaryimage\"},\"image\":{\"@id\":\"https:\\\/\\\/segwaypalma.com\\\/de\\\/#primaryimage\"},\"thumbnailUrl\":\"http:\\\/\\\/segwaypalma.com\\\/wps\\\/wp-content\\\/uploads\\\/2014\\\/10\\\/Print_Logo_COE2016_en.jpg\",\"datePublished\":\"2014-10-15T12:59:47+00:00\",\"dateModified\":\"2017-12-08T19:40:37+00:00\",\"description\":\"Gef\u00fchrte Segway Touren Palma de Mallorca. Entdecken Sie die Stadt von Palma und die Playa del Arenal der am meisten Spa\u00df mit unserer Segway-Touren.\",\"breadcrumb\":{\"@id\":\"https:\\\/\\\/segwaypalma.com\\\/de\\\/#breadcrumb\"},\"inLanguage\":\"de\",\"potentialAction\":[{\"@type\":\"ReadAction\",\"target\":[\"https:\\\/\\\/segwaypalma.com\\\/de\\\/\"]}]},{\"@type\":\"ImageObject\",\"inLanguage\":\"de\",\"@id\":\"https:\\\/\\\/segwaypalma.com\\\/de\\\/#primaryimage\",\"url\":\"http:\\\/\\\/segwaypalma.com\\\/wps\\\/wp-content\\\/uploads\\\/2014\\\/10\\\/Print_Logo_COE2016_en.jpg\",\"contentUrl\":\"http:\\\/\\\/segwaypalma.com\\\/wps\\\/wp-content\\\/uploads\\\/2014\\\/10\\\/Print_Logo_COE2016_en.jpg\"},{\"@type\":\"BreadcrumbList\",\"@id\":\"https:\\\/\\\/segwaypalma.com\\\/de\\\/#breadcrumb\",\"itemListElement\":[{\"@type\":\"ListItem\",\"position\":1,\"name\":\"Portada\",\"item\":\"https:\\\/\\\/segwaypalma.com\\\/de\\\/\"},{\"@type\":\"ListItem\",\"position\":2,\"name\":\"Homepage\"}]},{\"@type\":\"WebSite\",\"@id\":\"https:\\\/\\\/segwaypalma.com\\\/#website\",\"url\":\"https:\\\/\\\/segwaypalma.com\\\/\",\"name\":\"Segway Palma\",\"description\":\"Segway Tours with guide in Palma de Mallorca\",\"publisher\":{\"@id\":\"https:\\\/\\\/segwaypalma.com\\\/#organization\"},\"potentialAction\":[{\"@type\":\"SearchAction\",\"target\":{\"@type\":\"EntryPoint\",\"urlTemplate\":\"https:\\\/\\\/segwaypalma.com\\\/?s={search_term_string}\"},\"query-input\":{\"@type\":\"PropertyValueSpecification\",\"valueRequired\":true,\"valueName\":\"search_term_string\"}}],\"inLanguage\":\"de\"},{\"@type\":\"Organization\",\"@id\":\"https:\\\/\\\/segwaypalma.com\\\/#organization\",\"name\":\"Segway Palma\",\"url\":\"https:\\\/\\\/segwaypalma.com\\\/\",\"logo\":{\"@type\":\"ImageObject\",\"inLanguage\":\"de\",\"@id\":\"https:\\\/\\\/segwaypalma.com\\\/#\\\/schema\\\/logo\\\/image\\\/\",\"url\":\"https:\\\/\\\/i0.wp.com\\\/segwaypalma.com\\\/wps\\\/wp-content\\\/uploads\\\/2015\\\/07\\\/segway-palma-2x.jpg?fit=447%2C224&ssl=1\",\"contentUrl\":\"https:\\\/\\\/i0.wp.com\\\/segwaypalma.com\\\/wps\\\/wp-content\\\/uploads\\\/2015\\\/07\\\/segway-palma-2x.jpg?fit=447%2C224&ssl=1\",\"width\":447,\"height\":224,\"caption\":\"Segway Palma\"},\"image\":{\"@id\":\"https:\\\/\\\/segwaypalma.com\\\/#\\\/schema\\\/logo\\\/image\\\/\"}}]}<\/script>\n<!-- \/ Yoast SEO plugin. -->","yoast_head_json":{"title":"Gef\u00fchrte Segway Touren in Palma de Mallorca","description":"Gef\u00fchrte Segway Touren Palma de Mallorca. Entdecken Sie die Stadt von Palma und die Playa del Arenal der am meisten Spa\u00df mit unserer Segway-Touren.","robots":{"index":"index","follow":"follow","max-snippet":"max-snippet:-1","max-image-preview":"max-image-preview:large","max-video-preview":"max-video-preview:-1"},"canonical":"https:\/\/segwaypalma.com\/de\/","og_locale":"de_DE","og_type":"article","og_title":"Gef\u00fchrte Segway Touren in Palma de Mallorca","og_description":"Gef\u00fchrte Segway Touren Palma de Mallorca. Entdecken Sie die Stadt von Palma und die Playa del Arenal der am meisten Spa\u00df mit unserer Segway-Touren.","og_url":"https:\/\/segwaypalma.com\/de\/","og_site_name":"Segway Palma","article_modified_time":"2017-12-08T19:40:37+00:00","og_image":[{"url":"http:\/\/segwaypalma.com\/wps\/wp-content\/uploads\/2014\/10\/Print_Logo_COE2016_en.jpg","type":"","width":"","height":""}],"twitter_card":"summary_large_image","schema":{"@context":"https:\/\/schema.org","@graph":[{"@type":"WebPage","@id":"https:\/\/segwaypalma.com\/de\/","url":"https:\/\/segwaypalma.com\/de\/","name":"Gef\u00fchrte Segway Touren in Palma de Mallorca","isPartOf":{"@id":"https:\/\/segwaypalma.com\/#website"},"primaryImageOfPage":{"@id":"https:\/\/segwaypalma.com\/de\/#primaryimage"},"image":{"@id":"https:\/\/segwaypalma.com\/de\/#primaryimage"},"thumbnailUrl":"http:\/\/segwaypalma.com\/wps\/wp-content\/uploads\/2014\/10\/Print_Logo_COE2016_en.jpg","datePublished":"2014-10-15T12:59:47+00:00","dateModified":"2017-12-08T19:40:37+00:00","description":"Gef\u00fchrte Segway Touren Palma de Mallorca. Entdecken Sie die Stadt von Palma und die Playa del Arenal der am meisten Spa\u00df mit unserer Segway-Touren.","breadcrumb":{"@id":"https:\/\/segwaypalma.com\/de\/#breadcrumb"},"inLanguage":"de","potentialAction":[{"@type":"ReadAction","target":["https:\/\/segwaypalma.com\/de\/"]}]},{"@type":"ImageObject","inLanguage":"de","@id":"https:\/\/segwaypalma.com\/de\/#primaryimage","url":"http:\/\/segwaypalma.com\/wps\/wp-content\/uploads\/2014\/10\/Print_Logo_COE2016_en.jpg","contentUrl":"http:\/\/segwaypalma.com\/wps\/wp-content\/uploads\/2014\/10\/Print_Logo_COE2016_en.jpg"},{"@type":"BreadcrumbList","@id":"https:\/\/segwaypalma.com\/de\/#breadcrumb","itemListElement":[{"@type":"ListItem","position":1,"name":"Portada","item":"https:\/\/segwaypalma.com\/de\/"},{"@type":"ListItem","position":2,"name":"Homepage"}]},{"@type":"WebSite","@id":"https:\/\/segwaypalma.com\/#website","url":"https:\/\/segwaypalma.com\/","name":"Segway Palma","description":"Segway Tours with guide in Palma de Mallorca","publisher":{"@id":"https:\/\/segwaypalma.com\/#organization"},"potentialAction":[{"@type":"SearchAction","target":{"@type":"EntryPoint","urlTemplate":"https:\/\/segwaypalma.com\/?s={search_term_string}"},"query-input":{"@type":"PropertyValueSpecification","valueRequired":true,"valueName":"search_term_string"}}],"inLanguage":"de"},{"@type":"Organization","@id":"https:\/\/segwaypalma.com\/#organization","name":"Segway Palma","url":"https:\/\/segwaypalma.com\/","logo":{"@type":"ImageObject","inLanguage":"de","@id":"https:\/\/segwaypalma.com\/#\/schema\/logo\/image\/","url":"https:\/\/i0.wp.com\/segwaypalma.com\/wps\/wp-content\/uploads\/2015\/07\/segway-palma-2x.jpg?fit=447%2C224&ssl=1","contentUrl":"https:\/\/i0.wp.com\/segwaypalma.com\/wps\/wp-content\/uploads\/2015\/07\/segway-palma-2x.jpg?fit=447%2C224&ssl=1","width":447,"height":224,"caption":"Segway Palma"},"image":{"@id":"https:\/\/segwaypalma.com\/#\/schema\/logo\/image\/"}}]}},"jetpack_sharing_enabled":true,"jetpack_shortlink":"https:\/\/wp.me\/P7aBAr-An","_links":{"self":[{"href":"https:\/\/segwaypalma.com\/de\/wp-json\/wp\/v2\/pages\/2255","targetHints":{"allow":["GET"]}}],"collection":[{"href":"https:\/\/segwaypalma.com\/de\/wp-json\/wp\/v2\/pages"}],"about":[{"href":"https:\/\/segwaypalma.com\/de\/wp-json\/wp\/v2\/types\/page"}],"author":[{"embeddable":true,"href":"https:\/\/segwaypalma.com\/de\/wp-json\/wp\/v2\/users\/1"}],"replies":[{"embeddable":true,"href":"https:\/\/segwaypalma.com\/de\/wp-json\/wp\/v2\/comments?post=2255"}],"version-history":[{"count":0,"href":"https:\/\/segwaypalma.com\/de\/wp-json\/wp\/v2\/pages\/2255\/revisions"}],"wp:attachment":[{"href":"https:\/\/segwaypalma.com\/de\/wp-json\/wp\/v2\/media?parent=2255"}],"curies":[{"name":"wp","href":"https:\/\/api.w.org\/{rel}","templated":true}]}}